{"id":8775,"date":"2018-04-20T05:33:56","date_gmt":"2018-04-20T05:33:56","guid":{"rendered":"http:\/\/moroccanoliveoil.com\/?page_id=8775"},"modified":"2020-07-06T23:49:25","modified_gmt":"2020-07-06T21:49:25","slug":"contact-us","status":"publish","type":"page","link":"https:\/\/moroccanoliveoil.com\/fr\/contact-us\/","title":{"rendered":"Contactez nous"},"content":{"rendered":"<p>[vc_row][vc_column]<div id=\"1524207424019-cfc777d2-bf9a\" class=\"dt-sc-empty-space\"><\/div><div class='dt-sc-title with-image with-sub-title aligncenter'><h4>Contactez nous<\/h4><h2>Vous \u00eates un d\u00e9taillant ou un grossiste ? Laissez-nous un message<\/h2><\/div>[vc_column_text]<\/p>\n<p style=\"text-align: center;\">Si vous \u00eates int\u00e9ress\u00e9 par \u00abMoroccan Olive Oil \u00bb ou si vous souhaitez simplement avoir plus d&rsquo;informations sur ce que nous proposons, remplissez le formulaire ci-dessous, un de nos collaborateurs reviendra vers vous dans les plus brefs.<br \/>\nMoroccan Olive Oil est une huile d&rsquo;olive extra vierge de haute qualit\u00e9, prim\u00e9e, extra vierge et biologique, avec des certifications et accr\u00e9ditations internationales.<\/p>\n<p>[\/vc_column_text][\/vc_column][\/vc_row][vc_row full_width=\u00a0\u00bbstretch_row\u00a0\u00bb][vc_column width=\u00a0\u00bb1\/2&Prime;]<div role=\"form\" class=\"wpcf7\" id=\"wpcf7-f14427-o2\" lang=\"en-US\" dir=\"ltr\">\n<div class=\"screen-reader-response\" role=\"alert\" aria-live=\"polite\"><\/div>\n<form action=\"\/fr\/wp-json\/wp\/v2\/pages\/8775#wpcf7-f14427-o2\" method=\"post\" class=\"wpcf7-form init\" novalidate=\"novalidate\">\n<div style=\"display: none;\">\n<input type=\"hidden\" name=\"_wpcf7\" value=\"14427\" \/>\n<input type=\"hidden\" name=\"_wpcf7_version\" value=\"5.2\" \/>\n<input type=\"hidden\" name=\"_wpcf7_locale\" value=\"en_US\" \/>\n<input type=\"hidden\" name=\"_wpcf7_unit_tag\" value=\"wpcf7-f14427-o2\" \/>\n<input type=\"hidden\" name=\"_wpcf7_container_post\" value=\"0\" \/>\n<input type=\"hidden\" name=\"_wpcf7_posted_data_hash\" value=\"\" \/>\n<\/div>\n<p>[vc_row][vc_column width=\"1\/2\"]\n<div class=\"contact-form\"><b class=\"fa fa-user-o\"><\/b><span class=\"wpcf7-form-control-wrap name-538\"><input type=\"text\" name=\"name-538\" value=\"\" size=\"40\" class=\"wpcf7-form-control wpcf7-text wpcf7-validates-as-required\" aria-required=\"true\" aria-invalid=\"false\" placeholder=\"Pr\u00e9nom\" \/><\/span><\/div>\n<p>[\/vc_column][vc_column width=\"1\/2\"]\n<div class=\"contact-form\"><b class=\"fa fa-user-o\"><\/b><span class=\"wpcf7-form-control-wrap lname-538\"><input type=\"text\" name=\"lname-538\" value=\"\" size=\"40\" class=\"wpcf7-form-control wpcf7-text wpcf7-validates-as-required\" aria-required=\"true\" aria-invalid=\"false\" placeholder=\"Nom\" \/><\/span><\/div>\n<p>[\/vc_column][\/vc_row][vc_row][vc_column width=\"1\/2\"]\n<div class=\"contact-form\"><b class=\"fa fa-building-o\"><\/b><span class=\"wpcf7-form-control-wrap company-259\"><input type=\"text\" name=\"company-259\" value=\"\" size=\"40\" class=\"wpcf7-form-control wpcf7-text wpcf7-validates-as-required\" aria-required=\"true\" aria-invalid=\"false\" placeholder=\"Entit\u00e9\/Entreprise\" \/><\/span><\/div>\n<p>[\/vc_column][vc_column width=\"1\/2\"]\n<div class=\"contact-form\"><b class=\"fa fa-envelope-o\"><\/b><span class=\"wpcf7-form-control-wrap email-259\"><input type=\"email\" name=\"email-259\" value=\"\" size=\"40\" class=\"wpcf7-form-control wpcf7-text wpcf7-email wpcf7-validates-as-required wpcf7-validates-as-email\" aria-required=\"true\" aria-invalid=\"false\" placeholder=\"Email\" \/><\/span><\/div>\n<p>[\/vc_column][vc_column]\n<div class=\"contact-form\"><b class=\"fa fa-phone\"><\/b><span class=\"wpcf7-form-control-wrap phone\"><input type=\"text\" name=\"phone\" value=\"\" size=\"40\" class=\"wpcf7-form-control wpcf7-text wpcf7-validates-as-required\" aria-required=\"true\" aria-invalid=\"false\" placeholder=\"T\u00e9l\u00e9phone\" \/><\/span><\/div>\n<p>[\/vc_column][vc_column]\n<div class=\"contact-form\"><b class=\"fa fa-bookmark-o\"><\/b><span class=\"wpcf7-form-control-wrap object\"><input type=\"text\" name=\"object\" value=\"\" size=\"40\" class=\"wpcf7-form-control wpcf7-text wpcf7-validates-as-required\" aria-required=\"true\" aria-invalid=\"false\" placeholder=\"Objet\" \/><\/span><\/div>\n<p>[\/vc_column]<div class='dt-sc-clear '> <\/div>[vc_column]\n<div class=\"contact-form textarea-field\"><b class=\"fa fa-file-text-o\"><\/b><span class=\"wpcf7-form-control-wrap textarea-657\"><textarea name=\"textarea-657\" cols=\"40\" rows=\"10\" class=\"wpcf7-form-control wpcf7-textarea\" aria-invalid=\"false\" placeholder=\"Message\"><\/textarea><\/span><\/div>\n<p><input type=\"submit\" value=\"Envoyer\" class=\"wpcf7-form-control wpcf7-submit\" \/>[\/vc_column][\/vc_row]<\/p>\n<div class=\"wpcf7-response-output\" role=\"alert\" aria-hidden=\"true\"><\/div><\/form><\/div>[\/vc_column][vc_column el_align=\u00a0\u00bbcenter\u00a0\u00bb width=\u00a0\u00bb1\/2&Prime;][vc_single_image image=\u00a0\u00bb15096&Prime; img_size=\u00a0\u00bbfull\u00a0\u00bb alignment=\u00a0\u00bbcenter\u00a0\u00bb][vc_row_inner equal_height=\u00a0\u00bbyes\u00a0\u00bb el_class=\u00a0\u00bbcontact-icons\u00a0\u00bb][vc_column_inner el_class=\u00a0\u00bbrs_col-sm-4&Prime;]<div class='dt-sc-contact-info  '><span class='pe-icon pe-map-marker'> <\/span>Route El Jadida, Lissassfa rond-point AZBANE \u00e0 proximit\u00e9 de l\u2019H\u00f4tel ZENITH , Casablanca, Royaume du Maroc<\/div><div id=\"1524206447283-a3dacee8-e283\" class=\"dt-sc-empty-space\"><\/div><div class='dt-sc-contact-info  '><span class='pe-icon pe-phone'> <\/span>00212 522 305 104<\/p>\n<p>00212 522 308 122<\/div><div id=\"1593042917948-b59b78a3-f860\" class=\"dt-sc-empty-space\"><\/div><div class='dt-sc-contact-info  '><span class='pe-icon pe-mail'> <\/span><a href=\"mailto:contact@moroccanoliveoil.com\" target=\"_blank\" rel=\"noopener noreferrer\">contact@moroccanoliveoil.com<\/a><\/p>\n<p>&nbsp;<\/p><\/div>[\/vc_column_inner][\/vc_row_inner][\/vc_column][\/vc_row][vc_row][vc_column][vc_raw_js]JTNDc2NyaXB0JTNFJTBBZG9jdW1lbnQuYWRkRXZlbnRMaXN0ZW5lciUyOCUyMCUyN3dwY2Y3bWFpbHNlbnQlMjclMkMlMjBmdW5jdGlvbiUyOCUyMGV2ZW50JTIwJTI5JTIwJTdCJTBBJTIwJTIwbG9jYXRpb24lMjAlM0QlMjAlMjdodHRwcyUzQSUyRiUyRm1vcm9jY2Fub2xpdmVvaWwuY29tJTJGZnIlMkZ0aGFuay15b3UlMkYlMjclM0IlMEElN0QlMkMlMjBmYWxzZSUyMCUyOSUzQiUwQSUzQyUyRnNjcmlwdCUzRQ==[\/vc_raw_js][\/vc_column][\/vc_row]<\/p>","protected":false},"excerpt":{"rendered":"<p>[vc_row][vc_column][vc_column_text] Si vous \u00eates int\u00e9ress\u00e9 par \u00abMoroccan Olive Oil \u00bb ou si vous souhaitez simplement avoir plus d&rsquo;informations sur ce que nous proposons, remplissez le formulaire ci-dessous, un de nos collaborateurs reviendra vers vous dans les plus brefs. Moroccan Olive Oil est une huile d&rsquo;olive extra vierge de haute qualit\u00e9, prim\u00e9e, extra vierge et biologique, [&hellip;]<\/p>\n","protected":false},"author":1,"featured_media":0,"parent":0,"menu_order":0,"comment_status":"closed","ping_status":"closed","template":"","meta":[],"_links":{"self":[{"href":"https:\/\/moroccanoliveoil.com\/fr\/wp-json\/wp\/v2\/pages\/8775"}],"collection":[{"href":"https:\/\/moroccanoliveoil.com\/fr\/wp-json\/wp\/v2\/pages"}],"about":[{"href":"https:\/\/moroccanoliveoil.com\/fr\/wp-json\/wp\/v2\/types\/page"}],"author":[{"embeddable":true,"href":"https:\/\/moroccanoliveoil.com\/fr\/wp-json\/wp\/v2\/users\/1"}],"replies":[{"embeddable":true,"href":"https:\/\/moroccanoliveoil.com\/fr\/wp-json\/wp\/v2\/comments?post=8775"}],"version-history":[{"count":31,"href":"https:\/\/moroccanoliveoil.com\/fr\/wp-json\/wp\/v2\/pages\/8775\/revisions"}],"predecessor-version":[{"id":15118,"href":"https:\/\/moroccanoliveoil.com\/fr\/wp-json\/wp\/v2\/pages\/8775\/revisions\/15118"}],"wp:attachment":[{"href":"https:\/\/moroccanoliveoil.com\/fr\/wp-json\/wp\/v2\/media?parent=8775"}],"curies":[{"name":"wp","href":"https:\/\/api.w.org\/{rel}","templated":true}]}}