{"id":15107,"date":"2020-07-06T23:09:53","date_gmt":"2020-07-06T21:09:53","guid":{"rendered":"http:\/\/moroccanoliveoil.com\/?page_id=15107"},"modified":"2020-07-06T23:45:09","modified_gmt":"2020-07-06T21:45:09","slug":"thank-you","status":"publish","type":"page","link":"https:\/\/moroccanoliveoil.com\/fr\/thank-you\/","title":{"rendered":"Merci"},"content":{"rendered":"<p>[vc_section bully_section=\u00a0\u00bbyes\u00a0\u00bb][vc_row css=\u00a0\u00bb.vc_custom_1594070201904{background-image: url(http:\/\/moroccanoliveoil.com\/wp-content\/uploads\/2020\/07\/bg-top.jpg?id=15108) !important;background-position: center !important;background-repeat: no-repeat !important;background-size: contain !important;}\u00a0\u00bb addstyles=\u00a0\u00bbbackground-position-y: top !important;\u00a0\u00bb][vc_column]<div id=\"1590803872640-2ab4db06-18ef\" class=\"dt-sc-empty-space\"><\/div><div class='dt-sc-title with-image with-sub-title aligncenter'><h4>Merci <\/h4><h2>pour votre requ\u00eate<\/h2><\/div><div id=\"1594070621812-88f7299d-227b\" class=\"dt-sc-empty-space\"><\/div>[vc_single_image image=\u00a0\u00bb15111&Prime; img_size=\u00a0\u00bbfull\u00a0\u00bb alignment=\u00a0\u00bbcenter\u00a0\u00bb][vc_column_text]<\/p>\n<p style=\"text-align: center; text-transform: uppercase; max-width: 700px; margin: 0 auto; font-weight: 600; font-size: 18px;\">Le formulaire a \u00e9t\u00e9 bien envoy\u00e9<br \/>\nPri\u00e8re de consulter votre bo\u00eete e-mail pour plus d&rsquo;instructions<\/p>\n<p>[\/vc_column_text]<div id=\"1590815189734-4831f315-cbfa\" class=\"dt-sc-empty-space\"><\/div>[vc_btn title=\u00a0\u00bbContinuer \u00e0 la page d&rsquo;accueil\u00a0\u00bb style=\u00a0\u00bbflat\u00a0\u00bb shape=\u00a0\u00bbround\u00a0\u00bb color=\u00a0\u00bborange\u00a0\u00bb align=\u00a0\u00bbleft\u00a0\u00bb i_align=\u00a0\u00bbright\u00a0\u00bb i_type=\u00a0\u00bbentypo\u00a0\u00bb i_icon_entypo=\u00a0\u00bbentypo-icon entypo-icon-right-open-big\u00a0\u00bb add_icon=\u00a0\u00bbtrue\u00a0\u00bb link=\u00a0\u00bburl:http%3A%2F%2Fmoroccanoliveoil.com%2Flifestyle%2Fmediterranean-diet%2F|title:Mediterranean%20diet||\u00a0\u00bb el_class=\u00a0\u00bbbtn-color-1&Prime;][\/vc_column][\/vc_row][\/vc_section]<\/p>","protected":false},"excerpt":{"rendered":"<p>[vc_section bully_section=\u00a0\u00bbyes\u00a0\u00bb][vc_row css=\u00a0\u00bb.vc_custom_1594070201904{background-image: url(http:\/\/moroccanoliveoil.com\/wp-content\/uploads\/2020\/07\/bg-top.jpg?id=15108) !important;background-position: center !important;background-repeat: no-repeat !important;background-size: contain !important;}\u00a0\u00bb addstyles=\u00a0\u00bbbackground-position-y: top !important;\u00a0\u00bb][vc_column][vc_single_image image=\u00a0\u00bb15111&Prime; img_size=\u00a0\u00bbfull\u00a0\u00bb alignment=\u00a0\u00bbcenter\u00a0\u00bb][vc_column_text] Le formulaire a \u00e9t\u00e9 bien envoy\u00e9 Pri\u00e8re de consulter votre bo\u00eete e-mail pour plus d&rsquo;instructions [\/vc_column_text][vc_btn title=\u00a0\u00bbContinuer \u00e0 la page d&rsquo;accueil\u00a0\u00bb style=\u00a0\u00bbflat\u00a0\u00bb shape=\u00a0\u00bbround\u00a0\u00bb color=\u00a0\u00bborange\u00a0\u00bb align=\u00a0\u00bbleft\u00a0\u00bb i_align=\u00a0\u00bbright\u00a0\u00bb i_type=\u00a0\u00bbentypo\u00a0\u00bb i_icon_entypo=\u00a0\u00bbentypo-icon entypo-icon-right-open-big\u00a0\u00bb add_icon=\u00a0\u00bbtrue\u00a0\u00bb link=\u00a0\u00bburl:http%3A%2F%2Fmoroccanoliveoil.com%2Flifestyle%2Fmediterranean-diet%2F|title:Mediterranean%20diet||\u00a0\u00bb el_class=\u00a0\u00bbbtn-color-1&Prime;][\/vc_column][\/vc_row][\/vc_section]<\/p>\n","protected":false},"author":1,"featured_media":0,"parent":0,"menu_order":0,"comment_status":"closed","ping_status":"closed","template":"","meta":[],"_links":{"self":[{"href":"https:\/\/moroccanoliveoil.com\/fr\/wp-json\/wp\/v2\/pages\/15107"}],"collection":[{"href":"https:\/\/moroccanoliveoil.com\/fr\/wp-json\/wp\/v2\/pages"}],"about":[{"href":"https:\/\/moroccanoliveoil.com\/fr\/wp-json\/wp\/v2\/types\/page"}],"author":[{"embeddable":true,"href":"https:\/\/moroccanoliveoil.com\/fr\/wp-json\/wp\/v2\/users\/1"}],"replies":[{"embeddable":true,"href":"https:\/\/moroccanoliveoil.com\/fr\/wp-json\/wp\/v2\/comments?post=15107"}],"version-history":[{"count":7,"href":"https:\/\/moroccanoliveoil.com\/fr\/wp-json\/wp\/v2\/pages\/15107\/revisions"}],"predecessor-version":[{"id":15116,"href":"https:\/\/moroccanoliveoil.com\/fr\/wp-json\/wp\/v2\/pages\/15107\/revisions\/15116"}],"wp:attachment":[{"href":"https:\/\/moroccanoliveoil.com\/fr\/wp-json\/wp\/v2\/media?parent=15107"}],"curies":[{"name":"wp","href":"https:\/\/api.w.org\/{rel}","templated":true}]}}