{"id":14963,"date":"2020-06-08T01:01:32","date_gmt":"2020-06-07T23:01:32","guid":{"rendered":"http:\/\/moroccanoliveoil.com\/?page_id=14963"},"modified":"2020-06-08T12:32:35","modified_gmt":"2020-06-08T10:32:35","slug":"expertise","status":"publish","type":"page","link":"https:\/\/moroccanoliveoil.com\/fr\/expertise\/","title":{"rendered":"Expertise"},"content":{"rendered":"<p>[vc_section bully_section=\u00a0\u00bbyes\u00a0\u00bb][vc_row][vc_column]<div id=\"1590813016934-ea01e747-497e\" class=\"dt-sc-empty-space\"><\/div><div class='dt-sc-title with-image with-sub-title aligncenter'><h4>Expertise<\/h4><h2>Expertise<\/h2><\/div>[vc_row_inner][vc_column_inner width=\u00a0\u00bb1\/4&Prime;][\/vc_column_inner][vc_column_inner width=\u00a0\u00bb2\/4&Prime;][vc_single_image image=\u00a0\u00bb15055&Prime; img_size=\u00a0\u00bbfull\u00a0\u00bb alignment=\u00a0\u00bbcenter\u00a0\u00bb][\/vc_column_inner][vc_column_inner width=\u00a0\u00bb1\/4&Prime;][\/vc_column_inner][\/vc_row_inner]<div id=\"1591486127327-3a3fc1c3-7512\" class=\"dt-sc-empty-space\"><\/div>[vc_column_text]Les fermes marocaines d&rsquo;huile d&rsquo;olive sont certifi\u00e9es Global GAP en production int\u00e9gr\u00e9e. Ainsi, notre syst\u00e8me de production agricole utilise des pratiques compatibles avec la protection de l&rsquo;environnement, des ressources naturelles, de la diversit\u00e9 g\u00e9n\u00e9tique et de la conservation des sols.<\/p>\n<p>Le secteur de l&rsquo;huile d&rsquo;olive au Maroc conna\u00eet une croissance fulgurante, et constitue un soutien essentiel aux communaut\u00e9s rurales en g\u00e9n\u00e9rant des revenus.<\/p>\n<p>Le Maroc est le 5\u00e8me plus grand producteur et exportateur d&rsquo;huile d&rsquo;olive au monde avec une production moyenne de 140 000 tonnes par an. Ceci revient \u00e0 l\u2019infrastructure de haute qualit\u00e9 conforme aux exigences et normes internationales telles que HACCP, IFS, BRC, HALAL et KOSHER, la norme commerciale du Conseil Ol\u00e9icole International (COI \/ T15 \/ NC N \u00b0 3) et la norme Codex Alimentarius (Codex Stan 33-1981).[\/vc_column_text]<div id=\"1591218970524-d13889af-7b45\" class=\"dt-sc-empty-space\"><\/div>[\/vc_column][\/vc_row][\/vc_section][vc_section bully_section=\u00a0\u00bbyes\u00a0\u00bb][vc_row full_width=\u00a0\u00bbstretch_row_content\u00a0\u00bb][vc_column][vc_row_inner][vc_column_inner]<div id=\"1591603911371-220c6afc-88ca\" class=\"dt-sc-empty-space\"><\/div>[\/vc_column_inner][\/vc_row_inner][vc_row_inner][vc_column_inner][vc_separator el_width=\u00a0\u00bb70&Prime;][\/vc_column_inner][\/vc_row_inner][vc_row_inner equal_height=\u00a0\u00bbyes\u00a0\u00bb el_id=\u00a0\u00bbbloc-discover-image\u00a0\u00bb el_class=\u00a0\u00bbmax-width-bloc-lifestyle\u00a0\u00bb][vc_column_inner width=\u00a0\u00bb1\/4&Prime;][vc_single_image image=\u00a0\u00bb15005&Prime; img_size=\u00a0\u00bbfull\u00a0\u00bb alignment=\u00a0\u00bbcenter\u00a0\u00bb onclick=\u00a0\u00bbcustom_link\u00a0\u00bb css=\u00a0\u00bb.vc_custom_1591608493604{margin-bottom: 0px !important;}\u00a0\u00bb link=\u00a0\u00bbhttp:\/\/moroccanoliveoil.com\/expertise\/envirenement-sanitary-safety\/\u00a0\u00bb][vc_btn title=\u00a0\u00bbEnvironnement &amp; S\u00e9curit\u00e9\u00a0\u00bb style=\u00a0\u00bbflat\u00a0\u00bb shape=\u00a0\u00bbsquare\u00a0\u00bb size=\u00a0\u00bbsm\u00a0\u00bb align=\u00a0\u00bbleft\u00a0\u00bb i_align=\u00a0\u00bbright\u00a0\u00bb i_type=\u00a0\u00bbentypo\u00a0\u00bb i_icon_entypo=\u00a0\u00bbentypo-icon entypo-icon-right-open-big\u00a0\u00bb button_block=\u00a0\u00bbtrue\u00a0\u00bb add_icon=\u00a0\u00bbtrue\u00a0\u00bb link=\u00a0\u00bburl:http%3A%2F%2Foroccanoliveoil.com%2Fexpertise%2Fenvirenement-sanitary-safety%2F|title:Mediterranean%20diet||\u00a0\u00bb el_class=\u00a0\u00bbbtn-color-2&Prime;][\/vc_column_inner][vc_column_inner width=\u00a0\u00bb1\/4&Prime;][vc_single_image image=\u00a0\u00bb15006&Prime; img_size=\u00a0\u00bbfull\u00a0\u00bb alignment=\u00a0\u00bbcenter\u00a0\u00bb onclick=\u00a0\u00bbcustom_link\u00a0\u00bb css=\u00a0\u00bb.vc_custom_1591608507903{margin-bottom: 0px !important;}\u00a0\u00bb link=\u00a0\u00bbhttp:\/\/moroccanoliveoil.com\/expertise\/key-facts-figures\/\u00a0\u00bb][vc_btn title=\u00a0\u00bbChiffres cl\u00e9s\u00a0\u00bb style=\u00a0\u00bbflat\u00a0\u00bb shape=\u00a0\u00bbsquare\u00a0\u00bb size=\u00a0\u00bbsm\u00a0\u00bb align=\u00a0\u00bbleft\u00a0\u00bb i_align=\u00a0\u00bbright\u00a0\u00bb i_type=\u00a0\u00bbentypo\u00a0\u00bb i_icon_entypo=\u00a0\u00bbentypo-icon entypo-icon-right-open-big\u00a0\u00bb button_block=\u00a0\u00bbtrue\u00a0\u00bb add_icon=\u00a0\u00bbtrue\u00a0\u00bb link=\u00a0\u00bburl:http%3A%2F%2Fmoroccanoliveoil.com%2Fexpertise%2Fkey-facts-figures%2F|title:Moroccan%20gastronomy||\u00a0\u00bb el_class=\u00a0\u00bbbtn-color-1&Prime;][\/vc_column_inner][vc_column_inner width=\u00a0\u00bb1\/4&Prime;][vc_single_image image=\u00a0\u00bb15007&Prime; img_size=\u00a0\u00bbfull\u00a0\u00bb alignment=\u00a0\u00bbcenter\u00a0\u00bb onclick=\u00a0\u00bbcustom_link\u00a0\u00bb css=\u00a0\u00bb.vc_custom_1591608520720{margin-bottom: 0px !important;}\u00a0\u00bb link=\u00a0\u00bbhttp:\/\/moroccanoliveoil.com\/expertise\/quality-standards\/\u00a0\u00bb][vc_btn title=\u00a0\u00bbQualit\u00e9 &amp; Standards\u00a0\u00bb style=\u00a0\u00bbflat\u00a0\u00bb shape=\u00a0\u00bbsquare\u00a0\u00bb size=\u00a0\u00bbsm\u00a0\u00bb align=\u00a0\u00bbleft\u00a0\u00bb i_align=\u00a0\u00bbright\u00a0\u00bb i_type=\u00a0\u00bbentypo\u00a0\u00bb i_icon_entypo=\u00a0\u00bbentypo-icon entypo-icon-right-open-big\u00a0\u00bb button_block=\u00a0\u00bbtrue\u00a0\u00bb add_icon=\u00a0\u00bbtrue\u00a0\u00bb link=\u00a0\u00bburl:http%3A%2F%2Fmoroccanoliveoil.com%2Fexpertise%2Fquality-standards%2F|title:Moroccan%20gastronomy||\u00a0\u00bb el_class=\u00a0\u00bbbtn-color-1&Prime;][\/vc_column_inner][vc_column_inner width=\u00a0\u00bb1\/4&Prime;][vc_single_image image=\u00a0\u00bb15008&Prime; img_size=\u00a0\u00bbfull\u00a0\u00bb alignment=\u00a0\u00bbcenter\u00a0\u00bb onclick=\u00a0\u00bbcustom_link\u00a0\u00bb css=\u00a0\u00bb.vc_custom_1591608536366{margin-bottom: 0px !important;}\u00a0\u00bb link=\u00a0\u00bbhttp:\/\/moroccanoliveoil.com\/expertise\/useful-links\/\u00a0\u00bb][vc_btn title=\u00a0\u00bbLiens utiles\u00a0\u00bb style=\u00a0\u00bbflat\u00a0\u00bb shape=\u00a0\u00bbsquare\u00a0\u00bb size=\u00a0\u00bbsm\u00a0\u00bb align=\u00a0\u00bbleft\u00a0\u00bb i_align=\u00a0\u00bbright\u00a0\u00bb i_type=\u00a0\u00bbentypo\u00a0\u00bb i_icon_entypo=\u00a0\u00bbentypo-icon entypo-icon-right-open-big\u00a0\u00bb button_block=\u00a0\u00bbtrue\u00a0\u00bb add_icon=\u00a0\u00bbtrue\u00a0\u00bb link=\u00a0\u00bburl:http%3A%2F%2Fmoroccanoliveoil.com%2Fexpertise%2Fuseful-links%2F|title:Moroccan%20gastronomy||\u00a0\u00bb el_class=\u00a0\u00bbbtn-color-1&Prime;][\/vc_column_inner][\/vc_row_inner][\/vc_column][\/vc_row][\/vc_section]<\/p>","protected":false},"excerpt":{"rendered":"<p>[vc_section bully_section=\u00a0\u00bbyes\u00a0\u00bb][vc_row][vc_column][vc_row_inner][vc_column_inner width=\u00a0\u00bb1\/4&Prime;][\/vc_column_inner][vc_column_inner width=\u00a0\u00bb2\/4&Prime;][vc_single_image image=\u00a0\u00bb15055&Prime; img_size=\u00a0\u00bbfull\u00a0\u00bb alignment=\u00a0\u00bbcenter\u00a0\u00bb][\/vc_column_inner][vc_column_inner width=\u00a0\u00bb1\/4&Prime;][\/vc_column_inner][\/vc_row_inner][vc_column_text]Les fermes marocaines d&rsquo;huile d&rsquo;olive sont certifi\u00e9es Global GAP en production int\u00e9gr\u00e9e. Ainsi, notre syst\u00e8me de production agricole utilise des pratiques compatibles avec la protection de l&rsquo;environnement, des ressources naturelles, de la diversit\u00e9 g\u00e9n\u00e9tique et de la conservation des sols. Le secteur de l&rsquo;huile d&rsquo;olive au Maroc conna\u00eet [&hellip;]<\/p>\n","protected":false},"author":1,"featured_media":0,"parent":0,"menu_order":0,"comment_status":"closed","ping_status":"closed","template":"","meta":[],"_links":{"self":[{"href":"https:\/\/moroccanoliveoil.com\/fr\/wp-json\/wp\/v2\/pages\/14963"}],"collection":[{"href":"https:\/\/moroccanoliveoil.com\/fr\/wp-json\/wp\/v2\/pages"}],"about":[{"href":"https:\/\/moroccanoliveoil.com\/fr\/wp-json\/wp\/v2\/types\/page"}],"author":[{"embeddable":true,"href":"https:\/\/moroccanoliveoil.com\/fr\/wp-json\/wp\/v2\/users\/1"}],"replies":[{"embeddable":true,"href":"https:\/\/moroccanoliveoil.com\/fr\/wp-json\/wp\/v2\/comments?post=14963"}],"version-history":[{"count":13,"href":"https:\/\/moroccanoliveoil.com\/fr\/wp-json\/wp\/v2\/pages\/14963\/revisions"}],"predecessor-version":[{"id":15059,"href":"https:\/\/moroccanoliveoil.com\/fr\/wp-json\/wp\/v2\/pages\/14963\/revisions\/15059"}],"wp:attachment":[{"href":"https:\/\/moroccanoliveoil.com\/fr\/wp-json\/wp\/v2\/media?parent=14963"}],"curies":[{"name":"wp","href":"https:\/\/api.w.org\/{rel}","templated":true}]}}