{"id":14408,"date":"2020-06-03T23:06:36","date_gmt":"2020-06-03T21:06:36","guid":{"rendered":"http:\/\/moroccanoliveoil.com\/?page_id=14408"},"modified":"2020-06-16T20:54:37","modified_gmt":"2020-06-16T18:54:37","slug":"olive-oil","status":"publish","type":"page","link":"https:\/\/moroccanoliveoil.com\/fr\/olive-oil\/","title":{"rendered":"Huile d&rsquo;olive"},"content":{"rendered":"<p>[vc_section bully_section=\u00a0\u00bbyes\u00a0\u00bb][vc_row][vc_column]<div id=\"1592333610125-f4872d0e-9b0d\" class=\"dt-sc-empty-space\"><\/div>[vc_row_inner][vc_column_inner width=\u00a0\u00bb1\/4&Prime;][\/vc_column_inner][vc_column_inner width=\u00a0\u00bb2\/4&Prime;][vc_single_image image=\u00a0\u00bb14691&Prime; img_size=\u00a0\u00bbfull\u00a0\u00bb alignment=\u00a0\u00bbcenter\u00a0\u00bb][\/vc_column_inner][vc_column_inner width=\u00a0\u00bb1\/4&Prime;][\/vc_column_inner][\/vc_row_inner]<div id=\"1591485854786-36d1737e-36d8\" class=\"dt-sc-empty-space\"><\/div>[vc_column_text]<\/p>\n<p style=\"text-align: center;\">Gr\u00e2ce \u00e0 sa grande luminosit\u00e9, le Maroc abrite l\u2019une des plus grandes centrales solaires du monde, de longues journ\u00e9es ensoleill\u00e9es, qui permettent de procurer plus de chlorophylle dans les v\u00e9g\u00e9taux de mani\u00e8re g\u00e9n\u00e9rale et plus de go\u00fbt dans l\u2019huile d\u2019olive marocaine en particulier.<br \/>\nCe go\u00fbt prononc\u00e9 de l\u2019huile d\u2019olive marocaine provient des multiples vari\u00e9t\u00e9s d\u2019olive marocaine, la plus populaire dite Picholine, se caract\u00e9rise par :<\/p>\n<p>[\/vc_column_text][vc_row_inner equal_height=\u00a0\u00bbyes\u00a0\u00bb gap=\u00a0\u00bb10&Prime;][vc_column_inner width=\u00a0\u00bb1\/3&Prime; css=\u00a0\u00bb.vc_custom_1591486020596{border-bottom-width: 3px !important;border-bottom-color: #ffcd59 !important;border-bottom-style: solid !important;}\u00a0\u00bb]<div class='dt-sc-icon-box type1 icon-text-type1'><div class=\"icon-wrapper\"><img width=\"69\" height=\"69\" src=\"https:\/\/moroccanoliveoil.com\/wp-content\/uploads\/2020\/06\/icon1.png\" class=\"attachment-full\" alt=\"\" decoding=\"async\" loading=\"lazy\" \/><\/div><div class=\"icon-content\"><p><p style=\"text-align: center;\">Une forte adaptation aux conditions p\u00e9doclimatiques marocaines<\/p><\/p><\/div><span class='large-icon'><img width=\"69\" height=\"69\" src=\"https:\/\/moroccanoliveoil.com\/wp-content\/uploads\/2020\/06\/icon1.png\" class=\"attachment-full\" alt=\"\" decoding=\"async\" loading=\"lazy\" \/><\/span><\/div>[\/vc_column_inner][vc_column_inner width=\u00a0\u00bb1\/3&Prime; css=\u00a0\u00bb.vc_custom_1591486032178{border-bottom-width: 3px !important;border-bottom-color: #ffcd59 !important;border-bottom-style: solid !important;}\u00a0\u00bb]<div class='dt-sc-icon-box type1 icon-text-type1'><div class=\"icon-wrapper\"><img width=\"69\" height=\"69\" src=\"https:\/\/moroccanoliveoil.com\/wp-content\/uploads\/2020\/06\/icon2.png\" class=\"attachment-full\" alt=\"\" decoding=\"async\" loading=\"lazy\" \/><\/div><div class=\"icon-content\"><p><p style=\"text-align: center;\">Une double finalit\u00e9 olive de table et huile<\/p><\/p><\/div><span class='large-icon'><img width=\"69\" height=\"69\" src=\"https:\/\/moroccanoliveoil.com\/wp-content\/uploads\/2020\/06\/icon2.png\" class=\"attachment-full\" alt=\"\" decoding=\"async\" loading=\"lazy\" \/><\/span><\/div>[\/vc_column_inner][vc_column_inner width=\u00a0\u00bb1\/3&Prime; css=\u00a0\u00bb.vc_custom_1591486045343{border-bottom-width: 3px !important;border-bottom-color: #ffcd59 !important;border-bottom-style: solid !important;}\u00a0\u00bb]<div class='dt-sc-icon-box type1 icon-text-type1'><div class=\"icon-wrapper\"><img width=\"69\" height=\"69\" src=\"https:\/\/moroccanoliveoil.com\/wp-content\/uploads\/2020\/06\/icon3.png\" class=\"attachment-full\" alt=\"\" decoding=\"async\" loading=\"lazy\" \/><\/div><div class=\"icon-content\"><p><p style=\"text-align: center;\">Un taux du polyph\u00e9nol \u00e9lev\u00e9<\/p><\/p><\/div><span class='large-icon'><img width=\"69\" height=\"69\" src=\"https:\/\/moroccanoliveoil.com\/wp-content\/uploads\/2020\/06\/icon3.png\" class=\"attachment-full\" alt=\"\" decoding=\"async\" loading=\"lazy\" \/><\/span><\/div>[\/vc_column_inner][\/vc_row_inner]<div id=\"1590813016934-ea01e747-497e\" class=\"dt-sc-empty-space\"><\/div><div id=\"1591486134779-9a91f73a-3684\" class=\"dt-sc-empty-space\"><\/div><div class='dt-sc-title with-image with-sub-title aligncenter'><h4>Huile D'olive<\/h4><h2>Vari\u00e9t\u00e9s<\/h2><\/div>[vc_column_text]Il existe d\u2019autres vari\u00e9t\u00e9s qui rentrent dans la composition de l&rsquo;huile d&rsquo;olive extra vierge marocaine telles que : Dahbia, Menara, Haouzia, Arbequina, Arbossana, Koroneiki.<br \/>\nLa saison de production de l\u2019huile d\u2019olive au Maroc s\u2019\u00e9tale tout au long des mois : Octobre, Novembre et D\u00e9cembre, et la culture de l\u2019olivier couvre une grande partie du Royaume, notamment, Meknes, Marrakech, Beni Mellal, Fes, Ouazzane, Casablanca, Taourirt, Khemisset, Agadir.[\/vc_column_text]<div id=\"1591218970524-d13889af-7b45\" class=\"dt-sc-empty-space\"><\/div>[\/vc_column][\/vc_row][\/vc_section][vc_section bully_section=\u00a0\u00bbyes\u00a0\u00bb][vc_row][vc_column][vc_column_text]<\/p>\n<h3 style=\"font-weight: 900; text-transform: uppercase; text-align: center;\">Vari\u00e9t\u00e9 Picholine<\/h3>\n<p>[\/vc_column_text]<div id=\"1591139878841-ae942b30-0afb\" class=\"dt-sc-empty-space\"><\/div>[\/vc_column][\/vc_row][vc_row][vc_column width=\u00a0\u00bb1\/2&Prime;][vc_column_text]<\/p>\n<h3 style=\"font-family: Rubik; font-weight: 100; font-size: 44px;\">Vari\u00e9t\u00e9 Picholine<\/h3>\n<p>[\/vc_column_text][vc_single_image image=\u00a0\u00bb14671&Prime; img_size=\u00a0\u00bbfull\u00a0\u00bb][\/vc_column][vc_column width=\u00a0\u00bb1\/2&Prime;]<div class='dt-sc-toggle-frame-set type2 accordions-custom-type act2'><div class=\"dt-sc-toggle-frame\">\t<h5 class='dt-sc-toggle-accordion '><a href='#'>\u00bbCaract\u00e9ristiques<\/a><\/h5>\t<div class=\"dt-sc-toggle-content\" style=\"display: none;\">\t\t<div class=\"block\">[vc_column_text]Vari\u00e9t\u00e9 typique \u00e0 double fin\nPoids moyen du fruit : 2,5 \u00e0 4g\nRapport pulpe\/noyau : 5,5\nTeneur en huile : 16 \u00e0 22 %\nBien adapt\u00e9e\nTr\u00e8s adopt\u00e9e\nSensible au spilocaeaoleagenum\nAlternante\nTr\u00e8s h\u00e9t\u00e9rog\u00e8ne[\/vc_column_text]\t\t<\/div>\t<\/div><\/div><\/div>[\/vc_column][\/vc_row][vc_row][vc_column]<div id=\"1591140635413-99aaa665-5abf\" class=\"dt-sc-empty-space\"><\/div><div class='dt-sc-single-line-separator '><\/div><div id=\"1591140624721-07121891-3d8a\" class=\"dt-sc-empty-space\"><\/div>[\/vc_column][\/vc_row][vc_row][vc_column width=\u00a0\u00bb1\/2&Prime;][vc_column_text]<\/p>\n<h3 style=\"font-family: Rubik; font-weight: 100; font-size: 44px;\">Vari\u00e9t\u00e9 Haouzia<\/h3>\n<p>Vari\u00e9t\u00e9 obtenue par s\u00e9lection clonale au sein de la vari\u00e9t\u00e9 polyclonale \u00ab Picholine marocaine \u00bb[\/vc_column_text][vc_single_image image=\u00a0\u00bb14669&Prime; img_size=\u00a0\u00bbfull\u00a0\u00bb][\/vc_column][vc_column width=\u00a0\u00bb1\/2&Prime;]<div class='dt-sc-toggle-frame-set type2 accordions-custom-type act2'><div class=\"dt-sc-toggle-frame\">\t<h5 class='dt-sc-toggle-accordion '><a href='#'>\u00bbCaract\u00e9ristiques<\/a><\/h5>\t<div class=\"dt-sc-toggle-content\" style=\"display: none;\">\t\t<div class=\"block\">[vc_column_text]Vigueur : moyenne a\u0300 forte\nPort : \u00e9rig\u00e9\nFeuilles : moyennement denses\nAutofertilit\u00e9 : moyenne\nAptitude rhizog\u00e8ne : \u00e9lev\u00e9e (90%)\nEntr\u00e9e en production rapide (3 ans)\nProduction : 60 kg par arbre\nIndice d\u2019alternance : moyen (0 ,6)\nRapport pulpe\/noyau : 6.5\nPoids du fruit : 3.3 a\u0300 5 g\nTol\u00e9rante au Spilocea oleaginum[\/vc_column_text]\t\t<\/div>\t<\/div><\/div><div class=\"dt-sc-toggle-frame\">\t<h5 class='dt-sc-toggle-accordion '><a href='#'>\u00bbCaract\u00e9ristiques<\/a><\/h5>\t<div class=\"dt-sc-toggle-content\" style=\"display: none;\">\t\t<div class=\"block\">[vc_column_text]Taux d\u2019huile\/mati\u00e8re s\u00e8che : 38,5%\nTeneur en acidit\u00e9 ol\u00e9ique : 69%\nUtilisation : double fin[\/vc_column_text]\t\t<\/div>\t<\/div><\/div><div class=\"dt-sc-toggle-frame\">\t<h5 class='dt-sc-toggle-accordion '><a href='#'>\u00bbProfil<\/a><\/h5>\t<div class=\"dt-sc-toggle-content\" style=\"display: none;\">\t\t<div class=\"block\">[vc_column_text]Fruit\u00e9 : vert intense\nAmer et piquant : \u00e9quilibr\u00e9\nAromes sp\u00e9cifiques : artichaut, tomate amande verte[\/vc_column_text]\t\t<\/div>\t<\/div><\/div><\/div>[\/vc_column][\/vc_row][vc_row][vc_column]<div id=\"1591140641890-3dc89ca2-3660\" class=\"dt-sc-empty-space\"><\/div><div class='dt-sc-single-line-separator '><\/div><div id=\"1591140641950-fb03af42-f75c\" class=\"dt-sc-empty-space\"><\/div>[\/vc_column][\/vc_row][vc_row][vc_column width=\u00a0\u00bb1\/2&Prime;][vc_column_text]<\/p>\n<h3 style=\"font-family: Rubik; font-weight: 100; font-size: 44px;\">Vari\u00e9t\u00e9 MENARA<\/h3>\n<p>Vari\u00e9t\u00e9 obtenue par s\u00e9lection clonale au sein de la vari\u00e9t\u00e9 polyclonale \u00ab Picholine marocaine \u00bb[\/vc_column_text][vc_single_image image=\u00a0\u00bb14670&Prime; img_size=\u00a0\u00bbfull\u00a0\u00bb][\/vc_column][vc_column width=\u00a0\u00bb1\/2&Prime;]<div class='dt-sc-toggle-frame-set type2 accordions-custom-type act2'><div class=\"dt-sc-toggle-frame\">\t<h5 class='dt-sc-toggle-accordion '><a href='#'>\u00bbCaract\u00e9ristiques<\/a><\/h5>\t<div class=\"dt-sc-toggle-content\" style=\"display: none;\">\t\t<div class=\"block\">[vc_column_text]Vigueur : moyenne a\u0300 forte\nPort : \u00e9rig\u00e9\nAuto fertilit\u00e9\u0301 : moyenne a\u0300 bonne\nAptitude rhizoge\u0300ne : \u00e9lev\u00e9e (85%)\nEntr\u00e9e en production rapide (3 ans)\nProduction : 60 Kg par arbre\nIndice d\u2019alternance : moyen (0,6)\nPoids du fruit : 2,5 a\u0300 4 g\nRapport pulpe\/noyau : 6\nTol\u00e9rante au Spilocea oleaginum[\/vc_column_text]\t\t<\/div>\t<\/div><\/div><div class=\"dt-sc-toggle-frame\">\t<h5 class='dt-sc-toggle-accordion '><a href='#'>\u00bbCaract\u00e9ristiques<\/a><\/h5>\t<div class=\"dt-sc-toggle-content\" style=\"display: none;\">\t\t<div class=\"block\">[vc_column_text]Taux d\u2019huile\/Mati\u00e8re s\u00e8che : 40%\nTeneur en acide ol\u00e9ique : 72 %\nUtilisation : double fin[\/vc_column_text]\t\t<\/div>\t<\/div><\/div><div class=\"dt-sc-toggle-frame\">\t<h5 class='dt-sc-toggle-accordion '><a href='#'>\u00bbProfil<\/a><\/h5>\t<div class=\"dt-sc-toggle-content\" style=\"display: none;\">\t\t<div class=\"block\">[vc_column_text]Fruit\u00e9 : vert intense\nAmer et piquant : moyen \u00e0 fort \u00e9quilibr\u00e9\nAromes sp\u00e9cifiques : artichaut, amande, tomates[\/vc_column_text]\t\t<\/div>\t<\/div><\/div><\/div>[\/vc_column][\/vc_row][\/vc_section]<\/p>","protected":false},"excerpt":{"rendered":"<p>[vc_section bully_section=\u00a0\u00bbyes\u00a0\u00bb][vc_row][vc_column][vc_row_inner][vc_column_inner width=\u00a0\u00bb1\/4&Prime;][\/vc_column_inner][vc_column_inner width=\u00a0\u00bb2\/4&Prime;][vc_single_image image=\u00a0\u00bb14691&Prime; img_size=\u00a0\u00bbfull\u00a0\u00bb alignment=\u00a0\u00bbcenter\u00a0\u00bb][\/vc_column_inner][vc_column_inner width=\u00a0\u00bb1\/4&Prime;][\/vc_column_inner][\/vc_row_inner][vc_column_text] Gr\u00e2ce \u00e0 sa grande luminosit\u00e9, le Maroc abrite l\u2019une des plus grandes centrales solaires du monde, de longues journ\u00e9es ensoleill\u00e9es, qui permettent de procurer plus de chlorophylle dans les v\u00e9g\u00e9taux de mani\u00e8re g\u00e9n\u00e9rale et plus de go\u00fbt dans l\u2019huile d\u2019olive marocaine en particulier. Ce go\u00fbt prononc\u00e9 de [&hellip;]<\/p>\n","protected":false},"author":1,"featured_media":0,"parent":0,"menu_order":0,"comment_status":"closed","ping_status":"closed","template":"","meta":[],"_links":{"self":[{"href":"https:\/\/moroccanoliveoil.com\/fr\/wp-json\/wp\/v2\/pages\/14408"}],"collection":[{"href":"https:\/\/moroccanoliveoil.com\/fr\/wp-json\/wp\/v2\/pages"}],"about":[{"href":"https:\/\/moroccanoliveoil.com\/fr\/wp-json\/wp\/v2\/types\/page"}],"author":[{"embeddable":true,"href":"https:\/\/moroccanoliveoil.com\/fr\/wp-json\/wp\/v2\/users\/1"}],"replies":[{"embeddable":true,"href":"https:\/\/moroccanoliveoil.com\/fr\/wp-json\/wp\/v2\/comments?post=14408"}],"version-history":[{"count":32,"href":"https:\/\/moroccanoliveoil.com\/fr\/wp-json\/wp\/v2\/pages\/14408\/revisions"}],"predecessor-version":[{"id":15087,"href":"https:\/\/moroccanoliveoil.com\/fr\/wp-json\/wp\/v2\/pages\/14408\/revisions\/15087"}],"wp:attachment":[{"href":"https:\/\/moroccanoliveoil.com\/fr\/wp-json\/wp\/v2\/media?parent=14408"}],"curies":[{"name":"wp","href":"https:\/\/api.w.org\/{rel}","templated":true}]}}