{"id":14305,"date":"2020-06-03T00:56:34","date_gmt":"2020-06-02T22:56:34","guid":{"rendered":"http:\/\/moroccanoliveoil.com\/?page_id=14305"},"modified":"2020-06-10T03:59:13","modified_gmt":"2020-06-10T01:59:13","slug":"quality-standards","status":"publish","type":"page","link":"https:\/\/moroccanoliveoil.com\/fr\/expertise\/quality-standards\/","title":{"rendered":"Quality &#038; Standards"},"content":{"rendered":"<p>[vc_section bully_section=\u00a0\u00bbyes\u00a0\u00bb][vc_row][vc_column]<div id=\"1590813016934-ea01e747-497e\" class=\"dt-sc-empty-space\"><\/div><div class='dt-sc-title with-image with-sub-title aligncenter'><h4>Qualit\u00e9<\/h4><h2>&amp; Standards<\/h2><\/div>[vc_column_text]Depuis 2008, le secteur ol\u00e9icole a fait l\u2019objet de plusieurs actions contribuant a\u0300 l\u2019am\u00e9lioration de la production sur le plan qualitatif et quantitatif :<\/p>\n<p>&#8211; Le contr\u00f4le des caract\u00e9ristiques organoleptiques est effectu\u00e9 par des jurys de d\u00e9gustation nationaux agr\u00e9\u00e9s par le Conseil Ol\u00e9icole International (COI) et relevant des laboratoires du MOROCCO FOODEX, du laboratoire Officiel d\u2019Analyse et de Recherche Chimique (LOARC), de l\u2019Institut National de la Recherche Agronomique (INRA) et de l\u2019\u00c9cole Nationale d\u2019Agriculture (ENA) de Mekn\u00e8s, d\u00e9sign\u00e9s par d\u00e9cision du ministre charge\u0301 de l\u2019Agriculture.<br \/>\nEn 2011, le panel d\u2019analyses sensorielles de MOROCCO FOODEX pour les huiles d\u2019olive extra vierges a officiellement re\u00e7u l\u2019agr\u00e9ment du Conseil Ol\u00e9icole International (COI). Il s\u2019agit de la premi\u00e8re reconnaissance internationale d\u2019un panel de d\u00e9gustation au niveau du Maroc. En 2014, le laboratoire du MOROCCO FOODEX de Casablanca a officiellement obtenu l\u2019agr\u00e9ment du Conseil Ol\u00e9icole International (COI) pour les analyses physico-chimiques des huiles d\u2019olives.<\/p>\n<p>&#8211; La gestion de la production de l&rsquo;huile d&rsquo;olive marocaine, repose sur une s\u00e9lection vari\u00e9tale pouss\u00e9e et un respect de la physiologie et les exigences climatiques de l\u2019esp\u00e8ce.<br \/>\nPour garantir une meilleure qualit\u00e9 et une optimisation de rendement et de l\u2019oliveraie, nous pr\u00e9conisons de plus en plus des techniques de fructification permettant des formes d&rsquo;arbres adapt\u00e9es \u00e0 la m\u00e9canisation au sein des vergers.<br \/>\nGr\u00e2ce \u00e0 l&rsquo;application des diff\u00e9rentes pratiques de production raisonn\u00e9e, nous contribuons ainsi \u00e0 \u00e9lever la qualit\u00e9 de l&rsquo;huile d&rsquo;olive marocaine \u00e0 des standards internationaux tout en veillant au respect de l&rsquo;environnement.<br \/>\nNos producteurs\/Exportateurs sont approuv\u00e9s par l\u2019 US FDA (US Food and Drug Administration).<\/p>\n<p>&#8211; Un d\u00e9cret relatif a\u0300 la qualit\u00e9 et a\u0300 la s\u00e9curit\u00e9 sanitaire des conserves v\u00e9g\u00e9tales, y compris les olives de table, a \u00e9t\u00e9 \u00e9galement \u00e9labor\u00e9 en s\u2019alignant sur les standards internationaux.<br \/>\nTout cela est garanti par des normes internationales : HACCP, IFS, BRC, HALAL et KOSHER, la norme commerciale du Conseil Ol\u00e9icole International (COI\/T15\/NC N\u00b03), et la norme du Codex Alimentarius (Codex Stan 33-1981).[\/vc_column_text]<div id=\"1590813009059-4189d3dc-ffb9\" class=\"dt-sc-empty-space\"><\/div>[vc_row_inner css=\u00a0\u00bb.vc_custom_1590813543990{padding-right: 40px !important;padding-left: 40px !important;}\u00a0\u00bb][vc_column_inner width=\u00a0\u00bb1\/3&Prime; css=\u00a0\u00bb.vc_custom_1590813582308{padding-right: 5px !important;padding-left: 5px !important;}\u00a0\u00bb][vc_single_image image=\u00a0\u00bb14689&Prime; img_size=\u00a0\u00bbfull\u00a0\u00bb alignment=\u00a0\u00bbcenter\u00a0\u00bb css=\u00a0\u00bb.vc_custom_1591482840646{margin-bottom: 0px !important;}\u00a0\u00bb][\/vc_column_inner][vc_column_inner width=\u00a0\u00bb1\/3&Prime; css=\u00a0\u00bb.vc_custom_1590813560649{padding-right: 5px !important;padding-left: 5px !important;}\u00a0\u00bb][vc_single_image image=\u00a0\u00bb14672&Prime; img_size=\u00a0\u00bbfull\u00a0\u00bb alignment=\u00a0\u00bbcenter\u00a0\u00bb css=\u00a0\u00bb.vc_custom_1591388794849{margin-bottom: 0px !important;}\u00a0\u00bb][\/vc_column_inner][vc_column_inner width=\u00a0\u00bb1\/3&Prime; css=\u00a0\u00bb.vc_custom_1590813591900{padding-right: 5px !important;padding-left: 5px !important;}\u00a0\u00bb][vc_single_image image=\u00a0\u00bb14673&Prime; img_size=\u00a0\u00bbfull\u00a0\u00bb alignment=\u00a0\u00bbcenter\u00a0\u00bb css=\u00a0\u00bb.vc_custom_1591388830584{margin-bottom: 0px !important;}\u00a0\u00bb][\/vc_column_inner][\/vc_row_inner][\/vc_column][\/vc_row][\/vc_section][vc_section bully_section=\u00a0\u00bbyes\u00a0\u00bb][vc_row full_width=\u00a0\u00bbstretch_row_content\u00a0\u00bb][vc_column][vc_row_inner][vc_column_inner]<div id=\"1591603911371-220c6afc-88ca\" class=\"dt-sc-empty-space\"><\/div>[\/vc_column_inner][\/vc_row_inner][vc_row_inner][vc_column_inner][vc_separator el_width=\u00a0\u00bb70&Prime;][\/vc_column_inner][\/vc_row_inner][vc_row_inner equal_height=\u00a0\u00bbyes\u00a0\u00bb el_id=\u00a0\u00bbbloc-discover-image\u00a0\u00bb el_class=\u00a0\u00bbmax-width-bloc-lifestyle\u00a0\u00bb][vc_column_inner width=\u00a0\u00bb1\/3&Prime;][vc_single_image image=\u00a0\u00bb15005&Prime; img_size=\u00a0\u00bbfull\u00a0\u00bb alignment=\u00a0\u00bbcenter\u00a0\u00bb onclick=\u00a0\u00bbcustom_link\u00a0\u00bb css=\u00a0\u00bb.vc_custom_1591608493604{margin-bottom: 0px !important;}\u00a0\u00bb link=\u00a0\u00bbhttp:\/\/moroccanoliveoil.com\/expertise\/envirenement-sanitary-safety\/\u00a0\u00bb][vc_btn title=\u00a0\u00bbEnvironnement &amp; S\u00e9curit\u00e9\u00a0\u00bb style=\u00a0\u00bbflat\u00a0\u00bb shape=\u00a0\u00bbsquare\u00a0\u00bb size=\u00a0\u00bbsm\u00a0\u00bb align=\u00a0\u00bbleft\u00a0\u00bb i_align=\u00a0\u00bbright\u00a0\u00bb i_type=\u00a0\u00bbentypo\u00a0\u00bb i_icon_entypo=\u00a0\u00bbentypo-icon entypo-icon-right-open-big\u00a0\u00bb button_block=\u00a0\u00bbtrue\u00a0\u00bb add_icon=\u00a0\u00bbtrue\u00a0\u00bb link=\u00a0\u00bburl:http%3A%2F%2Foroccanoliveoil.com%2Fexpertise%2Fenvirenement-sanitary-safety%2F|title:Mediterranean%20diet||\u00a0\u00bb el_class=\u00a0\u00bbbtn-color-2&Prime;][\/vc_column_inner][vc_column_inner width=\u00a0\u00bb1\/3&Prime;][vc_single_image image=\u00a0\u00bb15006&Prime; img_size=\u00a0\u00bbfull\u00a0\u00bb alignment=\u00a0\u00bbcenter\u00a0\u00bb onclick=\u00a0\u00bbcustom_link\u00a0\u00bb css=\u00a0\u00bb.vc_custom_1591608507903{margin-bottom: 0px !important;}\u00a0\u00bb link=\u00a0\u00bbhttp:\/\/moroccanoliveoil.com\/expertise\/key-facts-figures\/\u00a0\u00bb][vc_btn title=\u00a0\u00bbChiffres cl\u00e9s\u00a0\u00bb style=\u00a0\u00bbflat\u00a0\u00bb shape=\u00a0\u00bbsquare\u00a0\u00bb size=\u00a0\u00bbsm\u00a0\u00bb align=\u00a0\u00bbleft\u00a0\u00bb i_align=\u00a0\u00bbright\u00a0\u00bb i_type=\u00a0\u00bbentypo\u00a0\u00bb i_icon_entypo=\u00a0\u00bbentypo-icon entypo-icon-right-open-big\u00a0\u00bb button_block=\u00a0\u00bbtrue\u00a0\u00bb add_icon=\u00a0\u00bbtrue\u00a0\u00bb link=\u00a0\u00bburl:http%3A%2F%2Fmoroccanoliveoil.com%2Fexpertise%2Fkey-facts-figures%2F|title:Moroccan%20gastronomy||\u00a0\u00bb el_class=\u00a0\u00bbbtn-color-1&Prime;][\/vc_column_inner][vc_column_inner width=\u00a0\u00bb1\/3&Prime;][vc_single_image image=\u00a0\u00bb15008&Prime; img_size=\u00a0\u00bbfull\u00a0\u00bb alignment=\u00a0\u00bbcenter\u00a0\u00bb onclick=\u00a0\u00bbcustom_link\u00a0\u00bb css=\u00a0\u00bb.vc_custom_1591608536366{margin-bottom: 0px !important;}\u00a0\u00bb link=\u00a0\u00bbhttp:\/\/moroccanoliveoil.com\/expertise\/useful-links\/\u00a0\u00bb][vc_btn title=\u00a0\u00bbLiens utiles\u00a0\u00bb style=\u00a0\u00bbflat\u00a0\u00bb shape=\u00a0\u00bbsquare\u00a0\u00bb size=\u00a0\u00bbsm\u00a0\u00bb align=\u00a0\u00bbleft\u00a0\u00bb i_align=\u00a0\u00bbright\u00a0\u00bb i_type=\u00a0\u00bbentypo\u00a0\u00bb i_icon_entypo=\u00a0\u00bbentypo-icon entypo-icon-right-open-big\u00a0\u00bb button_block=\u00a0\u00bbtrue\u00a0\u00bb add_icon=\u00a0\u00bbtrue\u00a0\u00bb link=\u00a0\u00bburl:http%3A%2F%2Fmoroccanoliveoil.com%2Fexpertise%2Fuseful-links%2F|title:Moroccan%20gastronomy||\u00a0\u00bb el_class=\u00a0\u00bbbtn-color-1&Prime;][\/vc_column_inner][\/vc_row_inner][\/vc_column][\/vc_row][\/vc_section]<\/p>","protected":false},"excerpt":{"rendered":"<p>[vc_section bully_section=\u00a0\u00bbyes\u00a0\u00bb][vc_row][vc_column][vc_column_text]Depuis 2008, le secteur ol\u00e9icole a fait l\u2019objet de plusieurs actions contribuant a\u0300 l\u2019am\u00e9lioration de la production sur le plan qualitatif et quantitatif : &#8211; Le contr\u00f4le des caract\u00e9ristiques organoleptiques est effectu\u00e9 par des jurys de d\u00e9gustation nationaux agr\u00e9\u00e9s par le Conseil Ol\u00e9icole International (COI) et relevant des laboratoires du MOROCCO FOODEX, du laboratoire [&hellip;]<\/p>\n","protected":false},"author":1,"featured_media":0,"parent":14963,"menu_order":0,"comment_status":"closed","ping_status":"closed","template":"","meta":[],"_links":{"self":[{"href":"https:\/\/moroccanoliveoil.com\/fr\/wp-json\/wp\/v2\/pages\/14305"}],"collection":[{"href":"https:\/\/moroccanoliveoil.com\/fr\/wp-json\/wp\/v2\/pages"}],"about":[{"href":"https:\/\/moroccanoliveoil.com\/fr\/wp-json\/wp\/v2\/types\/page"}],"author":[{"embeddable":true,"href":"https:\/\/moroccanoliveoil.com\/fr\/wp-json\/wp\/v2\/users\/1"}],"replies":[{"embeddable":true,"href":"https:\/\/moroccanoliveoil.com\/fr\/wp-json\/wp\/v2\/comments?post=14305"}],"version-history":[{"count":36,"href":"https:\/\/moroccanoliveoil.com\/fr\/wp-json\/wp\/v2\/pages\/14305\/revisions"}],"predecessor-version":[{"id":15064,"href":"https:\/\/moroccanoliveoil.com\/fr\/wp-json\/wp\/v2\/pages\/14305\/revisions\/15064"}],"up":[{"embeddable":true,"href":"https:\/\/moroccanoliveoil.com\/fr\/wp-json\/wp\/v2\/pages\/14963"}],"wp:attachment":[{"href":"https:\/\/moroccanoliveoil.com\/fr\/wp-json\/wp\/v2\/media?parent=14305"}],"curies":[{"name":"wp","href":"https:\/\/api.w.org\/{rel}","templated":true}]}}