{"id":14276,"date":"2020-06-02T22:19:30","date_gmt":"2020-06-02T20:19:30","guid":{"rendered":"http:\/\/moroccanoliveoil.com\/?page_id=14276"},"modified":"2020-06-16T20:47:51","modified_gmt":"2020-06-16T18:47:51","slug":"key-facts-figures","status":"publish","type":"page","link":"https:\/\/moroccanoliveoil.com\/fr\/expertise\/key-facts-figures\/","title":{"rendered":"Chiffres cl\u00e9s"},"content":{"rendered":"<p>[vc_section bully_section=\u00a0\u00bbyes\u00a0\u00bb][vc_row][vc_column]<div id=\"1591081651402-fcb72bae-630d\" class=\"dt-sc-empty-space\"><\/div><div class='dt-sc-title with-image with-sub-title aligncenter'><h4>Chiffres<\/h4><h2>Cl\u00e9s<\/h2><\/div><div id=\"1590813016934-ea01e747-497e\" class=\"dt-sc-empty-space\"><\/div>[vc_row_inner][vc_column_inner width=\u00a0\u00bb1\/2&Prime;][vc_single_image image=\u00a0\u00bb14282&Prime; img_size=\u00a0\u00bbfull\u00a0\u00bb][\/vc_column_inner][vc_column_inner width=\u00a0\u00bb1\/2&Prime;][vc_column_text]<\/p>\n<h3 style=\"font-weight: 900; text-transform: uppercase; text-align: left;\">Un secteur en pleine expansion<\/h3>\n<p>L\u2019ol\u00e9iculture marocaine soul\u00e8ve un int\u00e9r\u00eat sans pr\u00e9c\u00e9dent depuis plusieurs ann\u00e9es. La fili\u00e8re, qui couvre plus de 55% de la superficie arboricole marocaine, assure plus de de 51 millions de journ\u00e9es de travail par an, soit l\u2019\u00e9quivalent de 380 000 emplois permanents dont la participation des femmes repr\u00e9sente 20 %. Le r\u00f4le des femmes dans l\u2019ol\u00e9iculture est vari\u00e9 et elles sont pr\u00e9sentes sur tous les grades hi\u00e9rarchiques. Gr\u00e2ce \u00e0 une croissance soutenue, c\u2019est un secteur tr\u00e8s porteur pour l\u2019emploi au Maroc.[\/vc_column_text][\/vc_column_inner][\/vc_row_inner]<div id=\"1591214646117-bfd86d5b-a376\" class=\"dt-sc-empty-space\"><\/div>[vc_row_inner][vc_column_inner width=\u00a0\u00bb1\/2&Prime;][vc_column_text]<\/p>\n<h3 style=\"font-weight: 900; text-transform: uppercase; text-align: left;\">Une aide pour la population rurale<\/h3>\n<p>Depuis 2008, date du lancement du Plan Maroc Vert (PMV), le secteur de l\u2019olivier au Maroc a fait l\u2019objet de plusieurs actions visant \u00e0 accompagner solidairement la petite agriculture pour augmenter les revenus des populations rurales. La fili\u00e8re ol\u00e9icole marocaine est une fili\u00e8re socialement responsable &amp; g\u00e9n\u00e9ratrice de revenus notamment dans le monde rural.<br \/>\nDans ce m\u00eame contexte, le Millenium Challenge Account (MCA) est destin\u00e9 \u00e0 financer des initiatives visant \u00e0 aider les pays en d\u00e9veloppement, \u00e0 am\u00e9liorer leur \u00e9conomie ainsi qu&rsquo;\u00e0 relever le niveau de vie de leurs populations. Il r\u00e9compense les mesures salutaires qui auront \u00e9t\u00e9 prises en faveur de la croissance \u00e9conomique et de la r\u00e9duction de la pauvret\u00e9.<br \/>\nLe Projet Arboriculture fruiti\u00e8re du Programme MCA r\u00e9alis\u00e9 gr\u00e2ce \u00e0 l\u2019US AID a permis au Maroc : la plantation de 80 000 ha d\u2019oliviers, la construction de 20 unit\u00e9s de trituration d\u2019olives d\u2019une capacit\u00e9 de trituration de 60 \u00e0 80t\/jour et d\u2019une capacit\u00e9 globale de stockage de 600t d\u2019huile chacune, et fait au profit de plus de 6843 agriculteurs et de 150 coop\u00e9ratives.<br \/>\nCe projet d\u2019envergure rev\u00eat, par l\u2019ampleur de ses r\u00e9alisations et ses impacts socio-\u00e9conomiques et environnementaux positifs, un int\u00e9r\u00eat particulier pour les populations rurales en zones de montagne, en contribuant substantiellement \u00e0 la r\u00e9duction de la pauvret\u00e9 et \u00e0 l\u2019att\u00e9nuation de mani\u00e8re significative des effets n\u00e9gatifs des facteurs de pr\u00e9carit\u00e9 au niveau des zones de montagnes.[\/vc_column_text][\/vc_column_inner][vc_column_inner width=\u00a0\u00bb1\/2&Prime;][vc_single_image image=\u00a0\u00bb15083&Prime; img_size=\u00a0\u00bbfull\u00a0\u00bb alignment=\u00a0\u00bbcenter\u00a0\u00bb][\/vc_column_inner][\/vc_row_inner]<div id=\"1591130741777-a4951c2d-b4e4\" class=\"dt-sc-empty-space\"><\/div>[vc_row_inner][vc_column_inner width=\u00a0\u00bb1\/2&Prime;][vc_column_text]<\/p>\n<h3 style=\"font-weight: 900; text-transform: uppercase; text-align: left;\">Des infrastructures aux standards internationaux<\/h3>\n<p>Le Maroc se place au 5\u00e8me rang mondial en tant que producteur et exportateur avec une production moyenne d\u2019huiles d\u2019olives de l\u2019ordre de 140.000 tonnes par an, tout cela ne serait pas possible sans des infrastructures de qualit\u00e9 aux normes internationales.<br \/>\nSelon Global Competitiveness Report, le Maroc est le 1er pays en Afrique pour la qualit\u00e9 de ses infrastructures.<br \/>\nDepuis plus d&rsquo;une d\u00e9cennie, le Maroc a lanc\u00e9 des projets de grande envergure visant \u00e0 \u00e9lever ses infrastructures aux standards internationaux.<br \/>\n[\/vc_column_text][\/vc_column_inner][vc_column_inner width=\u00a0\u00bb1\/2&Prime;][vc_single_image image=\u00a0\u00bb14540&Prime; img_size=\u00a0\u00bbfull\u00a0\u00bb alignment=\u00a0\u00bbright\u00a0\u00bb][\/vc_column_inner][\/vc_row_inner]<div id=\"1591130859613-ac526d2d-8bfd\" class=\"dt-sc-empty-space\"><\/div>[vc_row_inner][vc_column_inner css=\u00a0\u00bb.vc_custom_1591328057233{padding-top: 40px !important;padding-right: 20px !important;padding-left: 20px !important;background-image: url(http:\/\/moroccanoliveoil.com\/wp-content\/uploads\/2020\/06\/bg_opacity.jpg?id=14647) !important;background-position: center !important;background-repeat: no-repeat !important;background-size: cover !important;}\u00a0\u00bb][vc_column_text]<\/p>\n<h3 style=\"font-weight: 900; text-transform: uppercase; text-align: left;\">Le r\u00e9seau portuaire :<\/h3>\n<p>Gr\u00e2ce \u00e0 une fa\u00e7ade maritime de 3500 km, le Maroc b\u00e9n\u00e9ficie d\u2019une situation g\u00e9ographique avantageuse et d&rsquo;un positionnement sur le d\u00e9troit de Gibraltar, au croisement des grands axes mondiaux de communication, ce qui lui conf\u00e8re la meilleure connectivit\u00e9 portuaire en Afrique. Le r\u00e9seau portuaire marocain est compos\u00e9 de 40 ports dont 13 consacr\u00e9s au commerce ext\u00e9rieur.<br \/>\nLes ports occupent une place importante dans l\u2019\u00e9conomie nationale puisque 98 % des \u00e9changes commerciaux internationaux y transitent.<br \/>\nConsid\u00e9r\u00e9 en tant que port leader en mati\u00e8re de transport de conteneurs du continent, Tanger Med est une plateforme logistique et industrielle int\u00e9gr\u00e9e, connect\u00e9e \u00e0 un r\u00e9seau de transport multimodal (liaisons ferroviaires, autoroute et voie express) pour le transport des marchandises. Le port Tanger Med compte ainsi dans ses rangs les plus grands armements mondiaux (Maersk, CMA CGM, MSC\u2026) ainsi que des leaders portuaires tels que APM TERMINALS et EUROGATE.<\/p>\n<p>Quant au port de Casablanca il est class\u00e9 actuellement le premier du pays, il s\u2019\u00e9tend sur 450 ha et offre plus de 8 km lin\u00e9aires de quai. Il peut accueillir et traiter jusqu\u2019\u00e0 40 navires \u00e0 la fois. Un port multifonctions principalement tourn\u00e9 vers le commerce, sa liaison avec le port de New York en 7 jours permet d\u2019assurer les livraisons dans de bonnes conditions.[\/vc_column_text][\/vc_column_inner][\/vc_row_inner][vc_row_inner equal_height=\u00a0\u00bbyes\u00a0\u00bb][vc_column_inner width=\u00a0\u00bb1\/2&Prime; css=\u00a0\u00bb.vc_custom_1591131255003{padding-top: 100px !important;padding-right: 25px !important;padding-bottom: 100px !important;padding-left: 25px !important;background-image: url(http:\/\/moroccanoliveoil.com\/wp-content\/uploads\/2020\/06\/exp-1.jpg?id=14279) !important;background-position: center !important;background-repeat: no-repeat !important;background-size: cover !important;}\u00a0\u00bb][vc_column_text]<\/p>\n<h3 style=\"font-weight: 900; text-transform: uppercase; text-align: left;\">Le r\u00e9seau autoroutier :<\/h3>\n<p>Le r\u00e9seau routier marocain assure 90% des d\u00e9placements des personnes et 75% du transport de marchandises.<br \/>\nLa longueur totale du r\u00e9seau routier class\u00e9 est de 57 334 km, dont 43 318 km rev\u00eatu, soit 75% de la longueur du r\u00e9seau class\u00e9.<br \/>\n[\/vc_column_text][\/vc_column_inner][vc_column_inner width=\u00a0\u00bb1\/2&Prime; css=\u00a0\u00bb.vc_custom_1591131271407{padding-top: 100px !important;padding-right: 25px !important;padding-bottom: 100px !important;padding-left: 25px !important;background-image: url(http:\/\/moroccanoliveoil.com\/wp-content\/uploads\/2020\/06\/exp-2.jpg?id=14280) !important;background-position: center !important;background-repeat: no-repeat !important;background-size: cover !important;}\u00a0\u00bb][vc_column_text]<\/p>\n<h3 style=\"font-weight: 900; text-transform: uppercase; text-align: left;\">Les liaisons a\u00e9riennes :<\/h3>\n<p>Gr\u00e2ce \u00e0 une politique d\u2019Open Sky, les 17 a\u00e9roports du Maroc (premi\u00e8re plateforme a\u00e9roportuaire de la r\u00e9gion) sont desservis par une multitude de compagnies internationales et sont reli\u00e9s aux principales capitales \u00e9conomiques et plateformes d\u2019affaires mondiales.[\/vc_column_text][\/vc_column_inner][\/vc_row_inner][\/vc_column][\/vc_row][vc_row][vc_column]<div id=\"1591132693736-8e3efa2f-b6ba\" class=\"dt-sc-empty-space\"><\/div>[vc_column_text]<\/p>\n<h3 style=\"font-weight: 900; text-transform: uppercase; text-align: center;\">Chiffres cl\u00e9s<\/h3>\n<p>[\/vc_column_text][vc_row_inner equal_height=\u00a0\u00bbyes\u00a0\u00bb gap=\u00a0\u00bb10&Prime;][vc_column_inner el_align=\u00a0\u00bbcenter\u00a0\u00bb width=\u00a0\u00bb1\/3&Prime; css=\u00a0\u00bb.vc_custom_1591137225180{border-bottom-width: 3px !important;background-color: #f8f8f8 !important;border-bottom-color: #ffcd59 !important;border-bottom-style: solid !important;}\u00a0\u00bb]<div class='dt-sc-icon-box type1 icon-text-type1'><div class=\"icon-wrapper\"><img width=\"68\" height=\"66\" src=\"https:\/\/moroccanoliveoil.com\/wp-content\/uploads\/2020\/06\/exp-icon-4.png\" class=\"attachment-full\" alt=\"\" decoding=\"async\" loading=\"lazy\" \/><\/div><div class=\"icon-content\"><p><h3 style=\"font-weight: 900; text-transform: uppercase; text-align: center; color: #bc860a; margin-bottom: 5px;\">Pr\u00e8s de 200 000 tonnes<\/h3>\n<p style=\"text-transform: uppercase; text-align: center;\">d&rsquo;huile d&rsquo;olive sont produites par an au Maroc<\/p><\/p><\/div><span class='large-icon'><img width=\"68\" height=\"66\" src=\"https:\/\/moroccanoliveoil.com\/wp-content\/uploads\/2020\/06\/exp-icon-4.png\" class=\"attachment-full\" alt=\"\" decoding=\"async\" loading=\"lazy\" \/><\/span><\/div>[\/vc_column_inner][vc_column_inner el_align=\u00a0\u00bbcenter\u00a0\u00bb width=\u00a0\u00bb1\/3&Prime; css=\u00a0\u00bb.vc_custom_1591137606993{border-bottom-width: 3px !important;background-color: #f8f8f8 !important;border-bottom-color: #ffcd59 !important;border-bottom-style: solid !important;}\u00a0\u00bb]<div class='dt-sc-icon-box type1 icon-text-type1'><div class=\"icon-wrapper\"><img width=\"68\" height=\"66\" src=\"https:\/\/moroccanoliveoil.com\/wp-content\/uploads\/2020\/06\/exp-icon-3.png\" class=\"attachment-full\" alt=\"\" decoding=\"async\" loading=\"lazy\" \/><\/div><div class=\"icon-content\"><p><h3 style=\"font-weight: 900; text-transform: uppercase; text-align: center; color: #bc860a; margin-bottom: 5px;\">plus de 1 million d&rsquo;hectares<\/h3>\n<p style=\"text-transform: uppercase; text-align: center;\">de superficie de production nationale de l&rsquo;olivier<\/p><\/p><\/div><span class='large-icon'><img width=\"68\" height=\"66\" src=\"https:\/\/moroccanoliveoil.com\/wp-content\/uploads\/2020\/06\/exp-icon-3.png\" class=\"attachment-full\" alt=\"\" decoding=\"async\" loading=\"lazy\" \/><\/span><\/div>[\/vc_column_inner][vc_column_inner el_align=\u00a0\u00bbcenter\u00a0\u00bb width=\u00a0\u00bb1\/3&Prime; css=\u00a0\u00bb.vc_custom_1591137631817{border-bottom-width: 3px !important;background-color: #f8f8f8 !important;border-bottom-color: #ffcd59 !important;border-bottom-style: solid !important;}\u00a0\u00bb]<div class='dt-sc-icon-box type1 icon-text-type1'><div class=\"icon-wrapper\"><img width=\"68\" height=\"66\" src=\"https:\/\/moroccanoliveoil.com\/wp-content\/uploads\/2020\/06\/exp-icon-2.png\" class=\"attachment-full\" alt=\"\" decoding=\"async\" loading=\"lazy\" \/><\/div><div class=\"icon-content\"><p><p style=\"text-transform: uppercase; text-align: center;\">La picholine marocaine repr\u00e9sente<\/p>\n<h3 style=\"font-weight: 900; text-transform: uppercase; text-align: center; color: #bc860a; margin-bottom: 5px;\">90% des plantations<\/h3><\/p><\/div><span class='large-icon'><img width=\"68\" height=\"66\" src=\"https:\/\/moroccanoliveoil.com\/wp-content\/uploads\/2020\/06\/exp-icon-2.png\" class=\"attachment-full\" alt=\"\" decoding=\"async\" loading=\"lazy\" \/><\/span><\/div>[\/vc_column_inner][\/vc_row_inner][vc_row_inner equal_height=\u00a0\u00bbyes\u00a0\u00bb gap=\u00a0\u00bb10&Prime;][vc_column_inner el_align=\u00a0\u00bbcenter\u00a0\u00bb width=\u00a0\u00bb1\/3&Prime; css=\u00a0\u00bb.vc_custom_1591137225180{border-bottom-width: 3px !important;background-color: #f8f8f8 !important;border-bottom-color: #ffcd59 !important;border-bottom-style: solid !important;}\u00a0\u00bb]<div class='dt-sc-icon-box type1 icon-text-type1'><div class=\"icon-wrapper\"><img width=\"68\" height=\"66\" src=\"https:\/\/moroccanoliveoil.com\/wp-content\/uploads\/2020\/06\/exp-icon-1.png\" class=\"attachment-full\" alt=\"\" decoding=\"async\" loading=\"lazy\" \/><\/div><div class=\"icon-content\"><p><p style=\"text-transform: uppercase; text-align: center;\">la r\u00e9gion fes-Meknes concentre<\/p>\n<h3 style=\"font-weight: 900; text-transform: uppercase; text-align: center; color: #bc860a; margin-bottom: 5px;\">60% des capacit\u00e9s de trituration<\/h3><\/p><\/div><span class='large-icon'><img width=\"68\" height=\"66\" src=\"https:\/\/moroccanoliveoil.com\/wp-content\/uploads\/2020\/06\/exp-icon-1.png\" class=\"attachment-full\" alt=\"\" decoding=\"async\" loading=\"lazy\" \/><\/span><\/div>[\/vc_column_inner][vc_column_inner el_align=\u00a0\u00bbcenter\u00a0\u00bb width=\u00a0\u00bb1\/3&Prime; css=\u00a0\u00bb.vc_custom_1591137606993{border-bottom-width: 3px !important;background-color: #f8f8f8 !important;border-bottom-color: #ffcd59 !important;border-bottom-style: solid !important;}\u00a0\u00bb]<div class='dt-sc-icon-box type1 icon-text-type1'><div class=\"icon-wrapper\"><img width=\"68\" height=\"66\" src=\"https:\/\/moroccanoliveoil.com\/wp-content\/uploads\/2020\/06\/exp-icon-6.png\" class=\"attachment-full\" alt=\"\" decoding=\"async\" loading=\"lazy\" \/><\/div><div class=\"icon-content\"><p><p style=\"text-transform: uppercase; text-align: center;\">la fili\u00e8re a cr\u00e9\u00e9 plus de<\/p>\n<h3 style=\"font-weight: 900; text-transform: uppercase; text-align: center; color: #bc860a; margin-bottom: 5px;\">50 millions journ\u00e9es de travail<\/h3><\/p><\/div><span class='large-icon'><img width=\"68\" height=\"66\" src=\"https:\/\/moroccanoliveoil.com\/wp-content\/uploads\/2020\/06\/exp-icon-6.png\" class=\"attachment-full\" alt=\"\" decoding=\"async\" loading=\"lazy\" \/><\/span><\/div>[\/vc_column_inner][vc_column_inner el_align=\u00a0\u00bbcenter\u00a0\u00bb width=\u00a0\u00bb1\/3&Prime; css=\u00a0\u00bb.vc_custom_1591137631817{border-bottom-width: 3px !important;background-color: #f8f8f8 !important;border-bottom-color: #ffcd59 !important;border-bottom-style: solid !important;}\u00a0\u00bb]<div class='dt-sc-icon-box type1 icon-text-type1'><div class=\"icon-wrapper\"><img width=\"68\" height=\"66\" src=\"https:\/\/moroccanoliveoil.com\/wp-content\/uploads\/2020\/06\/exp-icon-5.png\" class=\"attachment-full\" alt=\"\" decoding=\"async\" loading=\"lazy\" \/><\/div><div class=\"icon-content\"><p><p style=\"text-transform: uppercase; text-align: center;\">la production d&rsquo;huile d&rsquo;olive au maroc a augment\u00e9<\/p>\n<h3 style=\"font-weight: 900; text-transform: uppercase; text-align: center; color: #bc860a; margin-bottom: 5px;\">de plus de 70% en l&rsquo;espace de 25 ans<\/h3><\/p><\/div><span class='large-icon'><img width=\"68\" height=\"66\" src=\"https:\/\/moroccanoliveoil.com\/wp-content\/uploads\/2020\/06\/exp-icon-5.png\" class=\"attachment-full\" alt=\"\" decoding=\"async\" loading=\"lazy\" \/><\/span><\/div>[\/vc_column_inner][\/vc_row_inner][\/vc_column][\/vc_row][\/vc_section][vc_section bully_section=\u00a0\u00bbyes\u00a0\u00bb][vc_row full_width=\u00a0\u00bbstretch_row_content\u00a0\u00bb][vc_column][vc_row_inner][vc_column_inner]<div id=\"1591603911371-220c6afc-88ca\" class=\"dt-sc-empty-space\"><\/div>[\/vc_column_inner][\/vc_row_inner][vc_row_inner][vc_column_inner][vc_separator el_width=\u00a0\u00bb70&Prime;][\/vc_column_inner][\/vc_row_inner][vc_row_inner equal_height=\u00a0\u00bbyes\u00a0\u00bb el_id=\u00a0\u00bbbloc-discover-image\u00a0\u00bb el_class=\u00a0\u00bbmax-width-bloc-lifestyle\u00a0\u00bb][vc_column_inner width=\u00a0\u00bb1\/3&Prime;][vc_single_image image=\u00a0\u00bb15005&Prime; img_size=\u00a0\u00bbfull\u00a0\u00bb alignment=\u00a0\u00bbcenter\u00a0\u00bb onclick=\u00a0\u00bbcustom_link\u00a0\u00bb css=\u00a0\u00bb.vc_custom_1591608493604{margin-bottom: 0px !important;}\u00a0\u00bb link=\u00a0\u00bbhttp:\/\/moroccanoliveoil.com\/expertise\/envirenement-sanitary-safety\/\u00a0\u00bb][vc_btn title=\u00a0\u00bbEnvironnement &amp; S\u00e9curit\u00e9\u00a0\u00bb style=\u00a0\u00bbflat\u00a0\u00bb shape=\u00a0\u00bbsquare\u00a0\u00bb size=\u00a0\u00bbsm\u00a0\u00bb align=\u00a0\u00bbleft\u00a0\u00bb i_align=\u00a0\u00bbright\u00a0\u00bb i_type=\u00a0\u00bbentypo\u00a0\u00bb i_icon_entypo=\u00a0\u00bbentypo-icon entypo-icon-right-open-big\u00a0\u00bb button_block=\u00a0\u00bbtrue\u00a0\u00bb add_icon=\u00a0\u00bbtrue\u00a0\u00bb link=\u00a0\u00bburl:http%3A%2F%2Foroccanoliveoil.com%2Fexpertise%2Fenvirenement-sanitary-safety%2F|title:Mediterranean%20diet||\u00a0\u00bb el_class=\u00a0\u00bbbtn-color-2&Prime;][\/vc_column_inner][vc_column_inner width=\u00a0\u00bb1\/3&Prime;][vc_single_image image=\u00a0\u00bb15007&Prime; img_size=\u00a0\u00bbfull\u00a0\u00bb alignment=\u00a0\u00bbcenter\u00a0\u00bb onclick=\u00a0\u00bbcustom_link\u00a0\u00bb css=\u00a0\u00bb.vc_custom_1591608520720{margin-bottom: 0px !important;}\u00a0\u00bb link=\u00a0\u00bbhttp:\/\/moroccanoliveoil.com\/expertise\/quality-standards\/\u00a0\u00bb][vc_btn title=\u00a0\u00bbQualit\u00e9 &amp; Standards\u00a0\u00bb style=\u00a0\u00bbflat\u00a0\u00bb shape=\u00a0\u00bbsquare\u00a0\u00bb size=\u00a0\u00bbsm\u00a0\u00bb align=\u00a0\u00bbleft\u00a0\u00bb i_align=\u00a0\u00bbright\u00a0\u00bb i_type=\u00a0\u00bbentypo\u00a0\u00bb i_icon_entypo=\u00a0\u00bbentypo-icon entypo-icon-right-open-big\u00a0\u00bb button_block=\u00a0\u00bbtrue\u00a0\u00bb add_icon=\u00a0\u00bbtrue\u00a0\u00bb link=\u00a0\u00bburl:http%3A%2F%2Fmoroccanoliveoil.com%2Fexpertise%2Fquality-standards%2F|title:Moroccan%20gastronomy||\u00a0\u00bb el_class=\u00a0\u00bbbtn-color-1&Prime;][\/vc_column_inner][vc_column_inner width=\u00a0\u00bb1\/3&Prime;][vc_single_image image=\u00a0\u00bb15008&Prime; img_size=\u00a0\u00bbfull\u00a0\u00bb alignment=\u00a0\u00bbcenter\u00a0\u00bb onclick=\u00a0\u00bbcustom_link\u00a0\u00bb css=\u00a0\u00bb.vc_custom_1591608536366{margin-bottom: 0px !important;}\u00a0\u00bb link=\u00a0\u00bbhttp:\/\/moroccanoliveoil.com\/expertise\/useful-links\/\u00a0\u00bb][vc_btn title=\u00a0\u00bbLiens utiles\u00a0\u00bb style=\u00a0\u00bbflat\u00a0\u00bb shape=\u00a0\u00bbsquare\u00a0\u00bb size=\u00a0\u00bbsm\u00a0\u00bb align=\u00a0\u00bbleft\u00a0\u00bb i_align=\u00a0\u00bbright\u00a0\u00bb i_type=\u00a0\u00bbentypo\u00a0\u00bb i_icon_entypo=\u00a0\u00bbentypo-icon entypo-icon-right-open-big\u00a0\u00bb button_block=\u00a0\u00bbtrue\u00a0\u00bb add_icon=\u00a0\u00bbtrue\u00a0\u00bb link=\u00a0\u00bburl:http%3A%2F%2Fmoroccanoliveoil.com%2Fexpertise%2Fuseful-links%2F|title:Moroccan%20gastronomy||\u00a0\u00bb el_class=\u00a0\u00bbbtn-color-1&Prime;][\/vc_column_inner][\/vc_row_inner][\/vc_column][\/vc_row][\/vc_section]<\/p>","protected":false},"excerpt":{"rendered":"<p>[vc_section bully_section=\u00a0\u00bbyes\u00a0\u00bb][vc_row][vc_column][vc_row_inner][vc_column_inner width=\u00a0\u00bb1\/2&Prime;][vc_single_image image=\u00a0\u00bb14282&Prime; img_size=\u00a0\u00bbfull\u00a0\u00bb][\/vc_column_inner][vc_column_inner width=\u00a0\u00bb1\/2&Prime;][vc_column_text] Un secteur en pleine expansion L\u2019ol\u00e9iculture marocaine soul\u00e8ve un int\u00e9r\u00eat sans pr\u00e9c\u00e9dent depuis plusieurs ann\u00e9es. La fili\u00e8re, qui couvre plus de 55% de la superficie arboricole marocaine, assure plus de de 51 millions de journ\u00e9es de travail par an, soit l\u2019\u00e9quivalent de 380 000 emplois permanents dont la participation [&hellip;]<\/p>\n","protected":false},"author":1,"featured_media":0,"parent":14963,"menu_order":0,"comment_status":"closed","ping_status":"closed","template":"","meta":[],"_links":{"self":[{"href":"https:\/\/moroccanoliveoil.com\/fr\/wp-json\/wp\/v2\/pages\/14276"}],"collection":[{"href":"https:\/\/moroccanoliveoil.com\/fr\/wp-json\/wp\/v2\/pages"}],"about":[{"href":"https:\/\/moroccanoliveoil.com\/fr\/wp-json\/wp\/v2\/types\/page"}],"author":[{"embeddable":true,"href":"https:\/\/moroccanoliveoil.com\/fr\/wp-json\/wp\/v2\/users\/1"}],"replies":[{"embeddable":true,"href":"https:\/\/moroccanoliveoil.com\/fr\/wp-json\/wp\/v2\/comments?post=14276"}],"version-history":[{"count":47,"href":"https:\/\/moroccanoliveoil.com\/fr\/wp-json\/wp\/v2\/pages\/14276\/revisions"}],"predecessor-version":[{"id":15084,"href":"https:\/\/moroccanoliveoil.com\/fr\/wp-json\/wp\/v2\/pages\/14276\/revisions\/15084"}],"up":[{"embeddable":true,"href":"https:\/\/moroccanoliveoil.com\/fr\/wp-json\/wp\/v2\/pages\/14963"}],"wp:attachment":[{"href":"https:\/\/moroccanoliveoil.com\/fr\/wp-json\/wp\/v2\/media?parent=14276"}],"curies":[{"name":"wp","href":"https:\/\/api.w.org\/{rel}","templated":true}]}}