{"id":14252,"date":"2020-06-02T09:01:11","date_gmt":"2020-06-02T07:01:11","guid":{"rendered":"http:\/\/moroccanoliveoil.com\/?page_id=14252"},"modified":"2020-06-16T13:05:22","modified_gmt":"2020-06-16T11:05:22","slug":"envirenement-sanitary-safety","status":"publish","type":"page","link":"https:\/\/moroccanoliveoil.com\/fr\/expertise\/envirenement-sanitary-safety\/","title":{"rendered":"Environnement &#038; S\u00e9curit\u00e9 Alimentaire"},"content":{"rendered":"<p>[vc_section bully_section=\u00a0\u00bbyes\u00a0\u00bb][vc_row][vc_column]<div id=\"1591081651402-fcb72bae-630d\" class=\"dt-sc-empty-space\"><\/div><div class='dt-sc-title with-image with-sub-title aligncenter'><h4>Environnement<\/h4><h2>&amp; S\u00e9curit\u00e9 Alimentaire<\/h2><\/div><div id=\"1590813016934-ea01e747-497e\" class=\"dt-sc-empty-space\"><\/div>[vc_single_image image=\u00a0\u00bb14554&Prime; img_size=\u00a0\u00bbfull\u00a0\u00bb alignment=\u00a0\u00bbcenter\u00a0\u00bb]<div id=\"1591297208338-6c17e1d7-f5ff\" class=\"dt-sc-empty-space\"><\/div>[vc_column_text]<\/p>\n<h3 style=\"text-align: center; font-weight: 900; text-transform: uppercase;\">ENVIRONNEMENT<\/h3>\n<p>La majorit\u00e9 de nos fermes ont la certification Global GAP en production int\u00e9gr\u00e9e. Ainsi, notre syst\u00e8me de production agricole utilise des pratiques compatibles avec la protection et l&rsquo;am\u00e9lioration de l&rsquo;environnement, des ressources naturelles, de la diversit\u00e9 g\u00e9n\u00e9tique et de la conservation des sols et du paysage.[\/vc_column_text][vc_column_text]<\/p>\n<h3 style=\"text-align: center; font-weight: 900; text-transform: uppercase;\">S\u00e9curit\u00e9 et fiabilit\u00e9<\/h3>\n<p>[\/vc_column_text][\/vc_column][\/vc_row][vc_row equal_height=\u00a0\u00bbyes\u00a0\u00bb content_placement=\u00a0\u00bbmiddle\u00a0\u00bb css=\u00a0\u00bb.vc_custom_1591185880270{border-top-width: 0px !important;border-right-width: 0px !important;border-bottom-width: 0px !important;border-left-width: 0px !important;background-color: #f8f8f8 !important;border-left-color: #ffcd59 !important;border-left-style: solid !important;border-right-color: #ffcd59 !important;border-right-style: solid !important;border-top-color: #ffcd59 !important;border-top-style: solid !important;border-bottom-color: #ffcd59 !important;border-bottom-style: solid !important;}\u00a0\u00bb][vc_column el_align=\u00a0\u00bbcenter\u00a0\u00bb width=\u00a0\u00bb1\/3&Prime; css=\u00a0\u00bb.vc_custom_1591185984098{border-bottom-width: 4px !important;padding-top: 70px !important;padding-right: 20px !important;padding-bottom: 70px !important;padding-left: 20px !important;background-image: url(http:\/\/moroccanoliveoil.com\/wp-content\/uploads\/2020\/06\/exp1.png?id=14351) !important;background-position: center !important;background-repeat: no-repeat !important;background-size: cover !important;border-bottom-color: #ffcd59 !important;border-bottom-style: solid !important;}\u00a0\u00bb][vc_single_image image=\u00a0\u00bb14354&Prime; img_size=\u00a0\u00bbfull\u00a0\u00bb alignment=\u00a0\u00bbcenter\u00a0\u00bb][vc_column_text]<\/p>\n<h3 style=\"font-family: Rubik; font-weight: 100; text-transform: uppercase; font-size: 32px; text-align: center;\">Une technologie<br \/>\nde pointe<\/h3>\n<p>[\/vc_column_text][\/vc_column][vc_column width=\u00a0\u00bb2\/3&Prime; css=\u00a0\u00bb.vc_custom_1591185471439{padding-top: 20px !important;padding-right: 30px !important;padding-bottom: 20px !important;padding-left: 30px !important;}\u00a0\u00bb][vc_column_text]Le secteur de la trituration des olives au Maroc se caract\u00e9rise actuellement par des syst\u00e8mes modernes.<br \/>\nLes producteurs marocains de l\u2019huile d\u2019olive utilisent des technologies de pointe dans l\u2019ensemble de la cha\u00eene de valeur de production de l\u2019huile d\u2019olive et disposent de grandes capacit\u00e9s de production et d\u2019exportation tout en se conformant aux normes et r\u00e8glements les plus exigeants des march\u00e9s internationaux.<br \/>\nLes unit\u00e9s de trituration marocaines disposent de la technologie d&rsquo;huile d&rsquo;olive la plus avanc\u00e9e. Les salles de stockage et de conditionnement sont en acier inoxydable, la temp\u00e9rature est contr\u00f4l\u00e9e et la mise en bouteille est effectu\u00e9e avec injections d\u2019azote.<br \/>\n\u00c0 travers le contr\u00f4le sanitaire des produits d\u2019olive, les objectifs recherch\u00e9s consistent en particulier a\u0300 v\u00e9rifier que les conditions de production respectent les exigences r\u00e8glementaires en mati\u00e8re d\u2019hygi\u00e8ne et \u00e0 s\u2019assurer que les produits ne pr\u00e9sentent aucun risque pour la sante\u0301 du consommateur.<br \/>\nDe plus, les unit\u00e9s de trituration des olives et les \u00e9tablissements de conservation des olives qui destinent leur production au commerce doivent disposer d\u2019un agr\u00e9ment ou d\u2019une autorisation sanitaire pour continuer a\u0300 exercer en toute l\u00e9galit\u00e9\u0301 et ce, conform\u00e9ment aux exigences de la loi 28.07.<br \/>\nL\u2019octroi des agr\u00e9ments et des autorisations sanitaires aux \u00e9tablissements marocains de traitement des olives a permis aux op\u00e9rateurs du secteur de s\u2019int\u00e9grer dans une d\u00e9marche de qualit\u00e9\u0301 continue a\u0300 travers le respect des bonnes pratiques agricoles, des bonnes pratiques d\u2019hygi\u00e8ne et des bonnes pratiques de fabrication.<\/p>\n<p>[\/vc_column_text][\/vc_column][\/vc_row][vc_row equal_height=\u00a0\u00bbyes\u00a0\u00bb content_placement=\u00a0\u00bbmiddle\u00a0\u00bb css=\u00a0\u00bb.vc_custom_1591185890531{border-top-width: 0px !important;border-right-width: 0px !important;border-bottom-width: 0px !important;border-left-width: 0px !important;border-left-color: #ffcd59 !important;border-left-style: solid !important;border-right-color: #ffcd59 !important;border-right-style: solid !important;border-top-color: #ffcd59 !important;border-top-style: solid !important;border-bottom-color: #ffcd59 !important;border-bottom-style: solid !important;}\u00a0\u00bb][vc_column el_align=\u00a0\u00bbcenter\u00a0\u00bb width=\u00a0\u00bb1\/3&Prime; css=\u00a0\u00bb.vc_custom_1591185992443{border-bottom-width: 4px !important;padding-top: 70px !important;padding-right: 20px !important;padding-bottom: 70px !important;padding-left: 20px !important;background-image: url(http:\/\/moroccanoliveoil.com\/wp-content\/uploads\/2020\/06\/exp2.png?id=14352) !important;background-position: center !important;background-repeat: no-repeat !important;background-size: cover !important;border-bottom-color: #ffcd59 !important;border-bottom-style: solid !important;}\u00a0\u00bb][vc_single_image image=\u00a0\u00bb14355&Prime; img_size=\u00a0\u00bbfull\u00a0\u00bb alignment=\u00a0\u00bbcenter\u00a0\u00bb][vc_column_text]<\/p>\n<h3 style=\"font-family: Rubik; font-weight: 100; text-transform: uppercase; font-size: 32px; text-align: center;\">Des laboratoires<br \/>\nperformants<\/h3>\n<p>[\/vc_column_text][\/vc_column][vc_column width=\u00a0\u00bb2\/3&Prime; css=\u00a0\u00bb.vc_custom_1591185471439{padding-top: 20px !important;padding-right: 30px !important;padding-bottom: 20px !important;padding-left: 30px !important;}\u00a0\u00bb][vc_column_text]Depuis 1986, MOROCCO FOODEX s\u2019est dot\u00e9 d\u2019un r\u00e9seau de laboratoires de proximit\u00e9 g\u00e9ographique des grandes zones de production agricole marocaines, en vue de garantir la conformit\u00e9 des produits marocains aux exigences des march\u00e9s internationaux.<br \/>\nAinsi, ces laboratoires r\u00e9alisent les analyses de :<br \/>\n\u2022 Contr\u00f4le de la qualit\u00e9 des huiles d\u2019olive (acidit\u00e9 libre, indice de peroxydes, absorbance dans l\u2019UV, teneur en eau et mati\u00e8res volatiles, teneur en impuret\u00e9s&#8230;).<br \/>\n\u2022 Contr\u00f4le de la puret\u00e9 des huiles d\u2019olive (composition en acides gras, composition en st\u00e9rols, teneur en cires, stigmastadi\u00e8nes et teneur en insaponifiables&#8230;).<br \/>\n\u2022 D\u00e9tection des contaminants (r\u00e9sidus de pesticides, m\u00e9taux lourds&#8230;) et des additifs (tocoph\u00e9rols).<br \/>\nCette comp\u00e9tence technique des laboratoires dans l\u2019analyse des corps gras est couronn\u00e9e depuis 2006 par une accr\u00e9ditation selon le r\u00e9f\u00e9rentiel ISO CEI 17025 permettant ainsi la reconnaissance de la performance des analyses r\u00e9alis\u00e9es par les laboratoires dans le but de satisfaire le client et favoriser les \u00e9changes commerciaux.<br \/>\n[\/vc_column_text][\/vc_column][\/vc_row][vc_row equal_height=\u00a0\u00bbyes\u00a0\u00bb content_placement=\u00a0\u00bbmiddle\u00a0\u00bb css=\u00a0\u00bb.vc_custom_1591185802318{border-top-width: 0px !important;border-right-width: 0px !important;border-bottom-width: 0px !important;border-left-width: 0px !important;background-color: #f8f8f8 !important;border-left-color: #ffcd59 !important;border-left-style: solid !important;border-right-color: #ffcd59 !important;border-right-style: solid !important;border-top-color: #ffcd59 !important;border-top-style: solid !important;border-bottom-color: #ffcd59 !important;border-bottom-style: solid !important;}\u00a0\u00bb][vc_column el_align=\u00a0\u00bbcenter\u00a0\u00bb width=\u00a0\u00bb1\/3&Prime; css=\u00a0\u00bb.vc_custom_1591186009206{border-bottom-width: 4px !important;padding-top: 70px !important;padding-right: 20px !important;padding-bottom: 70px !important;padding-left: 20px !important;background-image: url(http:\/\/moroccanoliveoil.com\/wp-content\/uploads\/2020\/06\/exp2.png?id=14352) !important;background-position: center !important;background-repeat: no-repeat !important;background-size: cover !important;border-bottom-color: #ffcd59 !important;border-bottom-style: solid !important;}\u00a0\u00bb][vc_single_image image=\u00a0\u00bb14356&Prime; img_size=\u00a0\u00bbfull\u00a0\u00bb alignment=\u00a0\u00bbcenter\u00a0\u00bb][vc_column_text]<\/p>\n<h3 style=\"font-family: Rubik; font-weight: 100; text-transform: uppercase; font-size: 32px; text-align: center;\">Conformit\u00e9<br \/>\naux standards<br \/>\nam\u00e9ricains<\/h3>\n<p>[\/vc_column_text][\/vc_column][vc_column width=\u00a0\u00bb2\/3&Prime; css=\u00a0\u00bb.vc_custom_1591185471439{padding-top: 20px !important;padding-right: 30px !important;padding-bottom: 20px !important;padding-left: 30px !important;}\u00a0\u00bb][vc_column_text]Les laboratoires du Morocco Foodex ont les \u00e9quipements performants (chromatographie liquide et gazeuse, spectrom\u00e8tre de masse, spectrophotom\u00e9trie&#8230;) et les comp\u00e9tences humaines n\u00e9cessaires pour le contr\u00f4le analytique des huiles d\u2019olive exig\u00e9 par la r\u00e9glementation internationale (COI, UE, CODEX, USA&#8230;).[\/vc_column_text][\/vc_column][\/vc_row][\/vc_section][vc_section bully_section=\u00a0\u00bbyes\u00a0\u00bb][vc_row full_width=\u00a0\u00bbstretch_row_content\u00a0\u00bb][vc_column][vc_row_inner][vc_column_inner]<div id=\"1591603911371-220c6afc-88ca\" class=\"dt-sc-empty-space\"><\/div>[\/vc_column_inner][\/vc_row_inner][vc_row_inner][vc_column_inner][vc_separator el_width=\u00a0\u00bb70&Prime;][\/vc_column_inner][\/vc_row_inner][vc_row_inner equal_height=\u00a0\u00bbyes\u00a0\u00bb el_id=\u00a0\u00bbbloc-discover-image\u00a0\u00bb el_class=\u00a0\u00bbmax-width-bloc-lifestyle\u00a0\u00bb][vc_column_inner width=\u00a0\u00bb1\/3&Prime;][vc_single_image image=\u00a0\u00bb15006&Prime; img_size=\u00a0\u00bbfull\u00a0\u00bb alignment=\u00a0\u00bbcenter\u00a0\u00bb onclick=\u00a0\u00bbcustom_link\u00a0\u00bb css=\u00a0\u00bb.vc_custom_1591608507903{margin-bottom: 0px !important;}\u00a0\u00bb link=\u00a0\u00bbhttp:\/\/moroccanoliveoil.com\/expertise\/key-facts-figures\/\u00a0\u00bb][vc_btn title=\u00a0\u00bbChiffres cl\u00e9s\u00a0\u00bb style=\u00a0\u00bbflat\u00a0\u00bb shape=\u00a0\u00bbsquare\u00a0\u00bb size=\u00a0\u00bbsm\u00a0\u00bb align=\u00a0\u00bbleft\u00a0\u00bb i_align=\u00a0\u00bbright\u00a0\u00bb i_type=\u00a0\u00bbentypo\u00a0\u00bb i_icon_entypo=\u00a0\u00bbentypo-icon entypo-icon-right-open-big\u00a0\u00bb button_block=\u00a0\u00bbtrue\u00a0\u00bb add_icon=\u00a0\u00bbtrue\u00a0\u00bb link=\u00a0\u00bburl:http%3A%2F%2Fmoroccanoliveoil.com%2Fexpertise%2Fkey-facts-figures%2F|title:Moroccan%20gastronomy||\u00a0\u00bb el_class=\u00a0\u00bbbtn-color-1&Prime;][\/vc_column_inner][vc_column_inner width=\u00a0\u00bb1\/3&Prime;][vc_single_image image=\u00a0\u00bb15007&Prime; img_size=\u00a0\u00bbfull\u00a0\u00bb alignment=\u00a0\u00bbcenter\u00a0\u00bb onclick=\u00a0\u00bbcustom_link\u00a0\u00bb css=\u00a0\u00bb.vc_custom_1591608520720{margin-bottom: 0px !important;}\u00a0\u00bb link=\u00a0\u00bbhttp:\/\/moroccanoliveoil.com\/expertise\/quality-standards\/\u00a0\u00bb][vc_btn title=\u00a0\u00bbQualit\u00e9 &amp; Standards\u00a0\u00bb style=\u00a0\u00bbflat\u00a0\u00bb shape=\u00a0\u00bbsquare\u00a0\u00bb size=\u00a0\u00bbsm\u00a0\u00bb align=\u00a0\u00bbleft\u00a0\u00bb i_align=\u00a0\u00bbright\u00a0\u00bb i_type=\u00a0\u00bbentypo\u00a0\u00bb i_icon_entypo=\u00a0\u00bbentypo-icon entypo-icon-right-open-big\u00a0\u00bb button_block=\u00a0\u00bbtrue\u00a0\u00bb add_icon=\u00a0\u00bbtrue\u00a0\u00bb link=\u00a0\u00bburl:http%3A%2F%2Fmoroccanoliveoil.com%2Fexpertise%2Fquality-standards%2F|title:Moroccan%20gastronomy||\u00a0\u00bb el_class=\u00a0\u00bbbtn-color-1&Prime;][\/vc_column_inner][vc_column_inner width=\u00a0\u00bb1\/3&Prime;][vc_single_image image=\u00a0\u00bb15008&Prime; img_size=\u00a0\u00bbfull\u00a0\u00bb alignment=\u00a0\u00bbcenter\u00a0\u00bb onclick=\u00a0\u00bbcustom_link\u00a0\u00bb css=\u00a0\u00bb.vc_custom_1591608536366{margin-bottom: 0px !important;}\u00a0\u00bb link=\u00a0\u00bbhttp:\/\/moroccanoliveoil.com\/expertise\/useful-links\/\u00a0\u00bb][vc_btn title=\u00a0\u00bbLiens utiles\u00a0\u00bb style=\u00a0\u00bbflat\u00a0\u00bb shape=\u00a0\u00bbsquare\u00a0\u00bb size=\u00a0\u00bbsm\u00a0\u00bb align=\u00a0\u00bbleft\u00a0\u00bb i_align=\u00a0\u00bbright\u00a0\u00bb i_type=\u00a0\u00bbentypo\u00a0\u00bb i_icon_entypo=\u00a0\u00bbentypo-icon entypo-icon-right-open-big\u00a0\u00bb button_block=\u00a0\u00bbtrue\u00a0\u00bb add_icon=\u00a0\u00bbtrue\u00a0\u00bb link=\u00a0\u00bburl:http%3A%2F%2Fmoroccanoliveoil.com%2Fexpertise%2Fuseful-links%2F|title:Moroccan%20gastronomy||\u00a0\u00bb el_class=\u00a0\u00bbbtn-color-1&Prime;][\/vc_column_inner][\/vc_row_inner][\/vc_column][\/vc_row][\/vc_section]<\/p>","protected":false},"excerpt":{"rendered":"<p>[vc_section bully_section=\u00a0\u00bbyes\u00a0\u00bb][vc_row][vc_column][vc_single_image image=\u00a0\u00bb14554&Prime; img_size=\u00a0\u00bbfull\u00a0\u00bb alignment=\u00a0\u00bbcenter\u00a0\u00bb][vc_column_text] ENVIRONNEMENT La majorit\u00e9 de nos fermes ont la certification Global GAP en production int\u00e9gr\u00e9e. Ainsi, notre syst\u00e8me de production agricole utilise des pratiques compatibles avec la protection et l&rsquo;am\u00e9lioration de l&rsquo;environnement, des ressources naturelles, de la diversit\u00e9 g\u00e9n\u00e9tique et de la conservation des sols et du paysage.[\/vc_column_text][vc_column_text] S\u00e9curit\u00e9 et fiabilit\u00e9 [&hellip;]<\/p>\n","protected":false},"author":1,"featured_media":0,"parent":14963,"menu_order":0,"comment_status":"closed","ping_status":"closed","template":"","meta":[],"_links":{"self":[{"href":"https:\/\/moroccanoliveoil.com\/fr\/wp-json\/wp\/v2\/pages\/14252"}],"collection":[{"href":"https:\/\/moroccanoliveoil.com\/fr\/wp-json\/wp\/v2\/pages"}],"about":[{"href":"https:\/\/moroccanoliveoil.com\/fr\/wp-json\/wp\/v2\/types\/page"}],"author":[{"embeddable":true,"href":"https:\/\/moroccanoliveoil.com\/fr\/wp-json\/wp\/v2\/users\/1"}],"replies":[{"embeddable":true,"href":"https:\/\/moroccanoliveoil.com\/fr\/wp-json\/wp\/v2\/comments?post=14252"}],"version-history":[{"count":39,"href":"https:\/\/moroccanoliveoil.com\/fr\/wp-json\/wp\/v2\/pages\/14252\/revisions"}],"predecessor-version":[{"id":15073,"href":"https:\/\/moroccanoliveoil.com\/fr\/wp-json\/wp\/v2\/pages\/14252\/revisions\/15073"}],"up":[{"embeddable":true,"href":"https:\/\/moroccanoliveoil.com\/fr\/wp-json\/wp\/v2\/pages\/14963"}],"wp:attachment":[{"href":"https:\/\/moroccanoliveoil.com\/fr\/wp-json\/wp\/v2\/media?parent=14252"}],"curies":[{"name":"wp","href":"https:\/\/api.w.org\/{rel}","templated":true}]}}