{"id":14227,"date":"2020-06-02T07:39:31","date_gmt":"2020-06-02T05:39:31","guid":{"rendered":"http:\/\/moroccanoliveoil.com\/?page_id=14227"},"modified":"2020-06-08T11:50:51","modified_gmt":"2020-06-08T09:50:51","slug":"moo-history","status":"publish","type":"page","link":"https:\/\/moroccanoliveoil.com\/fr\/about\/moo-history\/","title":{"rendered":"Notre Histoire"},"content":{"rendered":"<p>[vc_section bully_section=\u00a0\u00bbyes\u00a0\u00bb][vc_row el_class=\u00a0\u00bbbloc-max-width\u00a0\u00bb][vc_column]<div id=\"1590813016934-ea01e747-497e\" class=\"dt-sc-empty-space\"><\/div><div class='dt-sc-title with-image with-sub-title aligncenter'><h4>Notre<\/h4><h2>Histoire<\/h2><\/div>[vc_column_text]Le Maroc est depuis toujours une terre d&rsquo;olives, un endroit o\u00f9 l&rsquo;olivier au fil des mill\u00e9naires s&rsquo;est impr\u00e9gn\u00e9 de la culture, de la cuisine, des habitudes, des rythmes, des saisons du pays\u2026<\/p>\n<p>L\u2019huile d&rsquo;olive est un produit fortement enracin\u00e9 dans la culture marocaine, et cette passion pour la culture de l\u2019olivier se transmet de g\u00e9n\u00e9ration en g\u00e9n\u00e9ration. En traversant les si\u00e8cles, l\u2019huile d\u2019olive a fa\u00e7onn\u00e9 un savoir-vivre que l\u2019on ne trouve nulle part ailleurs\u2026 L\u2019huile d\u2019olive r\u00e9unit ces notions de partage et de convivialit\u00e9, si ch\u00e8res \u00e0 la culture marocaine.[\/vc_column_text]<div id=\"1591076713773-6782e796-4e3e\" class=\"dt-sc-empty-space\"><\/div>[vc_single_image image=\u00a0\u00bb14391&Prime; img_size=\u00a0\u00bbfull\u00a0\u00bb alignment=\u00a0\u00bbcenter\u00a0\u00bb]<div id=\"1590813009059-4189d3dc-ffb9\" class=\"dt-sc-empty-space\"><\/div>[vc_column_text]On raconte que l\u2019olivier a \u00e9t\u00e9 apport\u00e9 par les navigateurs ph\u00e9niciens, qui abord\u00e8rent les c\u00f4tes du Maghreb au XIe si\u00e8cle avant notre \u00e8re, et peut-\u00eatre seulement vers les IX-VIIIe si\u00e8cles selon des donn\u00e9es arch\u00e9ologiques.<\/p>\n<p>Pourtant, en 1920 l\u2019arch\u00e9ologue St\u00e9phane Gsell constate que la langue berb\u00e8re a un nom particulier pour d\u00e9signer l\u2019olivier cultive\u0301 : Azemmour. Nom qu\u2019on ne peut rattacher a\u0300 une quelconque racine s\u00e9mitique. Il est donc probable que la culture de l\u2019olivier en Afrique soit ant\u00e9rieure a\u0300 l\u2019arriv\u00e9e des Ph\u00e9niciens.[\/vc_column_text]<div id=\"1591076734589-2e894ad9-41ab\" class=\"dt-sc-empty-space\"><\/div>[vc_single_image image=\u00a0\u00bb14536&Prime; img_size=\u00a0\u00bbfull\u00a0\u00bb alignment=\u00a0\u00bbcenter\u00a0\u00bb]<div id=\"1591076731277-97aa4e08-d3e8\" class=\"dt-sc-empty-space\"><\/div>[vc_column_text]Plus tard, \u00e0 l\u2019\u00e9poque romaine, le d\u00e9veloppement de la culture de l\u2019olivier devient garant de la paix sociale. L\u2019huile fournie aux \u00ab masses populaires \u00bb permet de calmer les \u00e9meutes et les r\u00e9bellions.<\/p>\n<p>Au Maroc, les premi\u00e8res traces d\u2019huileries sont apparues apr\u00e8s le r\u00e8gne de Juba II (25 av. J.-C.- 23 ap. J.-C.), et la majorit\u00e9 des installations connues datent des II\u00e8me et III\u00e8me si\u00e8cles de notre \u00e8re, ceux-ci marquent l\u2019apog\u00e9e de la civilisation romaine en Maur\u00e9tanie Tingitane. On ne d\u00e9nombre pas moins de 55 huileries \u00e0 l\u2019int\u00e9rieur de la ville, et une dizaine ont \u00e9t\u00e9 rep\u00e9r\u00e9es dans la campagne environnante. On rel\u00e8vera ensuite, comme zones de production moyennes, la r\u00e9gion de Tanger, avec 15 huileries rep\u00e9r\u00e9es, celle de Lixus avec 16 huileries rep\u00e9r\u00e9es, deux dans la ville de Sal\u00e9 (Rabat) et enfin quatre dans la r\u00e9gion.<\/p>\n<p>On peut donc conclure que, dans les limites du Maroc romain, les zones de production aux Ier et II\u00e8me si\u00e8cles de notre \u00e8re co\u00efncident avec les zones de production actuelles.[\/vc_column_text][\/vc_column][\/vc_row][\/vc_section][vc_section bully_section=\u00a0\u00bbyes\u00a0\u00bb][vc_row full_width=\u00a0\u00bbstretch_row_content\u00a0\u00bb][vc_column][vc_row_inner][vc_column_inner]<div id=\"1591603911371-220c6afc-88ca\" class=\"dt-sc-empty-space\"><\/div>[\/vc_column_inner][\/vc_row_inner][vc_row_inner][vc_column_inner][vc_separator el_width=\u00a0\u00bb70&Prime;][\/vc_column_inner][\/vc_row_inner][vc_row_inner equal_height=\u00a0\u00bbyes\u00a0\u00bb el_id=\u00a0\u00bbbloc-discover-image\u00a0\u00bb el_class=\u00a0\u00bbmax-width-bloc-lifestyle\u00a0\u00bb][vc_column_inner width=\u00a0\u00bb1\/3&Prime;][vc_single_image image=\u00a0\u00bb14992&Prime; img_size=\u00a0\u00bbfull\u00a0\u00bb alignment=\u00a0\u00bbcenter\u00a0\u00bb onclick=\u00a0\u00bbcustom_link\u00a0\u00bb css=\u00a0\u00bb.vc_custom_1591608886272{margin-bottom: 0px !important;}\u00a0\u00bb link=\u00a0\u00bbhttp:\/\/moroccanoliveoil.com\/about\/moo-distinction\/\u00a0\u00bb][vc_btn title=\u00a0\u00bbMoo Distinction\u00a0\u00bb style=\u00a0\u00bbflat\u00a0\u00bb shape=\u00a0\u00bbsquare\u00a0\u00bb size=\u00a0\u00bbsm\u00a0\u00bb align=\u00a0\u00bbleft\u00a0\u00bb i_align=\u00a0\u00bbright\u00a0\u00bb i_type=\u00a0\u00bbentypo\u00a0\u00bb i_icon_entypo=\u00a0\u00bbentypo-icon entypo-icon-right-open-big\u00a0\u00bb button_block=\u00a0\u00bbtrue\u00a0\u00bb add_icon=\u00a0\u00bbtrue\u00a0\u00bb link=\u00a0\u00bburl:http%3A%2F%2Fmoroccanoliveoil.com%2Fabout%2Fmoo-distinction%2F|title:Moroccan%20gastronomy||\u00a0\u00bb el_class=\u00a0\u00bbbtn-color-1&Prime;][\/vc_column_inner][vc_column_inner width=\u00a0\u00bb1\/3&Prime;][vc_single_image image=\u00a0\u00bb14993&Prime; img_size=\u00a0\u00bbfull\u00a0\u00bb alignment=\u00a0\u00bbcenter\u00a0\u00bb onclick=\u00a0\u00bbcustom_link\u00a0\u00bb css=\u00a0\u00bb.vc_custom_1591608896321{margin-bottom: 0px !important;}\u00a0\u00bb link=\u00a0\u00bbhttp:\/\/moroccanoliveoil.com\/about\/morocco-foodex\/\u00a0\u00bb][vc_btn title=\u00a0\u00bbMorocco Foodex &amp; Interprolive\u00a0\u00bb style=\u00a0\u00bbflat\u00a0\u00bb shape=\u00a0\u00bbsquare\u00a0\u00bb size=\u00a0\u00bbsm\u00a0\u00bb align=\u00a0\u00bbleft\u00a0\u00bb i_align=\u00a0\u00bbright\u00a0\u00bb i_type=\u00a0\u00bbentypo\u00a0\u00bb i_icon_entypo=\u00a0\u00bbentypo-icon entypo-icon-right-open-big\u00a0\u00bb button_block=\u00a0\u00bbtrue\u00a0\u00bb add_icon=\u00a0\u00bbtrue\u00a0\u00bb link=\u00a0\u00bburl:http%3A%2F%2Fmoroccanoliveoil.com%2Fabout%2Fmorocco-foodex%2F|title:Moroccan%20gastronomy||\u00a0\u00bb el_class=\u00a0\u00bbbtn-color-1&Prime;][\/vc_column_inner][vc_column_inner width=\u00a0\u00bb1\/3&Prime;][vc_single_image image=\u00a0\u00bb14994&Prime; img_size=\u00a0\u00bbfull\u00a0\u00bb alignment=\u00a0\u00bbcenter\u00a0\u00bb onclick=\u00a0\u00bbcustom_link\u00a0\u00bb css=\u00a0\u00bb.vc_custom_1591608904980{margin-bottom: 0px !important;}\u00a0\u00bb link=\u00a0\u00bbhttp:\/\/moroccanoliveoil.com\/about\/production\/\u00a0\u00bb][vc_btn title=\u00a0\u00bbProduction &amp; tra\u00e7abilit\u00e9\u00a0\u00bb style=\u00a0\u00bbflat\u00a0\u00bb shape=\u00a0\u00bbsquare\u00a0\u00bb size=\u00a0\u00bbsm\u00a0\u00bb align=\u00a0\u00bbleft\u00a0\u00bb i_align=\u00a0\u00bbright\u00a0\u00bb i_type=\u00a0\u00bbentypo\u00a0\u00bb i_icon_entypo=\u00a0\u00bbentypo-icon entypo-icon-right-open-big\u00a0\u00bb button_block=\u00a0\u00bbtrue\u00a0\u00bb add_icon=\u00a0\u00bbtrue\u00a0\u00bb link=\u00a0\u00bburl:http%3A%2F%2Fmoroccanoliveoil.com%2Fabout%2Fproduction%2F|title:Moroccan%20gastronomy||\u00a0\u00bb el_class=\u00a0\u00bbbtn-color-1&Prime;][\/vc_column_inner][\/vc_row_inner][\/vc_column][\/vc_row][\/vc_section]<\/p>","protected":false},"excerpt":{"rendered":"<p>[vc_section bully_section=\u00a0\u00bbyes\u00a0\u00bb][vc_row el_class=\u00a0\u00bbbloc-max-width\u00a0\u00bb][vc_column][vc_column_text]Le Maroc est depuis toujours une terre d&rsquo;olives, un endroit o\u00f9 l&rsquo;olivier au fil des mill\u00e9naires s&rsquo;est impr\u00e9gn\u00e9 de la culture, de la cuisine, des habitudes, des rythmes, des saisons du pays\u2026 L\u2019huile d&rsquo;olive est un produit fortement enracin\u00e9 dans la culture marocaine, et cette passion pour la culture de l\u2019olivier se transmet [&hellip;]<\/p>\n","protected":false},"author":1,"featured_media":0,"parent":14216,"menu_order":0,"comment_status":"closed","ping_status":"closed","template":"","meta":[],"_links":{"self":[{"href":"https:\/\/moroccanoliveoil.com\/fr\/wp-json\/wp\/v2\/pages\/14227"}],"collection":[{"href":"https:\/\/moroccanoliveoil.com\/fr\/wp-json\/wp\/v2\/pages"}],"about":[{"href":"https:\/\/moroccanoliveoil.com\/fr\/wp-json\/wp\/v2\/types\/page"}],"author":[{"embeddable":true,"href":"https:\/\/moroccanoliveoil.com\/fr\/wp-json\/wp\/v2\/users\/1"}],"replies":[{"embeddable":true,"href":"https:\/\/moroccanoliveoil.com\/fr\/wp-json\/wp\/v2\/comments?post=14227"}],"version-history":[{"count":20,"href":"https:\/\/moroccanoliveoil.com\/fr\/wp-json\/wp\/v2\/pages\/14227\/revisions"}],"predecessor-version":[{"id":15045,"href":"https:\/\/moroccanoliveoil.com\/fr\/wp-json\/wp\/v2\/pages\/14227\/revisions\/15045"}],"up":[{"embeddable":true,"href":"https:\/\/moroccanoliveoil.com\/fr\/wp-json\/wp\/v2\/pages\/14216"}],"wp:attachment":[{"href":"https:\/\/moroccanoliveoil.com\/fr\/wp-json\/wp\/v2\/media?parent=14227"}],"curies":[{"name":"wp","href":"https:\/\/api.w.org\/{rel}","templated":true}]}}