{"id":14147,"date":"2020-05-31T02:23:05","date_gmt":"2020-05-31T00:23:05","guid":{"rendered":"http:\/\/moroccanoliveoil.com\/?page_id=14147"},"modified":"2020-06-16T13:11:22","modified_gmt":"2020-06-16T11:11:22","slug":"production","status":"publish","type":"page","link":"https:\/\/moroccanoliveoil.com\/fr\/about\/production\/","title":{"rendered":"Production"},"content":{"rendered":"<p>[vc_section bully_section=\u00a0\u00bbyes\u00a0\u00bb][vc_row][vc_column]<div id=\"1590813016934-ea01e747-497e\" class=\"dt-sc-empty-space\"><\/div><div class='dt-sc-title with-image with-sub-title aligncenter'><h4>Production<\/h4><h2>Production<\/h2><\/div><div class='dt-sc-timeline-section dt-sc-vc-special '><div class='dt-sc-timeline '><div class=\"dt-sc-timeline-content\"><div class=\"dt-sc-timeline-icon-wrapper\"><span><img width=\"268\" height=\"284\" src=\"https:\/\/moroccanoliveoil.com\/wp-content\/uploads\/2020\/06\/img-abt5-1.jpg\" class=\"attachment-full\" alt=\"\" decoding=\"async\" loading=\"lazy\" \/><\/span><\/div><div class=\"dt-sc-timeline-content-wrapper\"><h2>Cueillette<\/h2><p>La meilleure p\u00e9riode pour r\u00e9colter les olives commence g\u00e9n\u00e9ralement au mois de Novembre jusqu\u2019\u00e0 la fin du mois de D\u00e9cembre et peut se prolonger jusqu&rsquo;\u00e0 la mi-F\u00e9vrier. Une qualit\u00e9 et un rendement optimal sont recherch\u00e9s et sont atteints en g\u00e9n\u00e9ral quand toutes les couleurs de l\u2019olive sont sur l\u2019olivier. Le processus de r\u00e9colte des nouvelles plantations est 100% m\u00e9canis\u00e9, en produisant la trituration dans un maximum de 6 heures apr\u00e8s la r\u00e9colte, indispensable pour garantir une qualit\u00e9 extra vierge constante.<\/p><\/div><\/div><\/div><div class='dt-sc-timeline alignright'><div class=\"dt-sc-timeline-content\"><div class=\"dt-sc-timeline-icon-wrapper\"><span><img width=\"268\" height=\"284\" src=\"https:\/\/moroccanoliveoil.com\/wp-content\/uploads\/2020\/06\/img-abt4-1.jpg\" class=\"attachment-full\" alt=\"\" decoding=\"async\" loading=\"lazy\" \/><\/span><\/div><div class=\"dt-sc-timeline-content-wrapper\"><h2>Extraction<\/h2><p>Les olives cueillies sont transport\u00e9es pour une transformation dans les huileries, via des caisses en plastiques, ce qui permet une bonne a\u00e9ration et \u00e9vite l\u2019augmentation de la temp\u00e9rature. L\u2019extraction se fait avec une temp\u00e9rature qui doit \u00eatre inf\u00e9rieure \u00e0 30 degr\u00e9s, et le temps de malaxage n\u2019est pas excessif. Le malaxage de la p\u00e2te d\u2019olive est fait de fa\u00e7on \u00e0 ce que l\u2019huile en soit extraite, par centrifugation, sous forme de fines gouttelettes qui s&rsquo;agglutinent les unes aux autres afin d\u2019\u00eatre r\u00e9colt\u00e9es.<\/p><\/div><\/div><\/div><div class='dt-sc-timeline '><div class=\"dt-sc-timeline-content\"><div class=\"dt-sc-timeline-icon-wrapper\"><span><img width=\"268\" height=\"284\" src=\"https:\/\/moroccanoliveoil.com\/wp-content\/uploads\/2020\/06\/img-abt3-1.jpg\" class=\"attachment-full\" alt=\"\" decoding=\"async\" loading=\"lazy\" \/><\/span><\/div><div class=\"dt-sc-timeline-content-wrapper\"><h2>Stockage des huiles<\/h2><p>Le stockage des huiles s\u2019effectue \u00e0 l\u2019abri de la lumi\u00e8re, en l\u2019absence d\u2019oxyg\u00e8ne, dans un dispositif de taille ad\u00e9quate et avec du mat\u00e9riel appropri\u00e9.\nToute op\u00e9ration permettant la production de l\u2019huile, de la r\u00e9ception des olives \u00e0 l\u2019embouteillage, fait l\u2019objet d\u2019une tra\u00e7abilit\u00e9 rigoureuse.<\/p><\/div><\/div><\/div><div class='dt-sc-timeline alignright'><div class=\"dt-sc-timeline-content\"><div class=\"dt-sc-timeline-icon-wrapper\"><span><img width=\"268\" height=\"284\" src=\"https:\/\/moroccanoliveoil.com\/wp-content\/uploads\/2020\/06\/img-abt2-1.jpg\" class=\"attachment-full\" alt=\"\" decoding=\"async\" loading=\"lazy\" \/><\/span><\/div><div class=\"dt-sc-timeline-content-wrapper\"><h2>Analyse des huiles<\/h2><p>Le r\u00e9seau des laboratoires MOROCCO FOODEX est constitu\u00e9 de 6 laboratoires, dont 3 sp\u00e9cialis\u00e9s dans les analyses de l\u2019huile d\u2019olive. Notamment le laboratoire de Casablanca de la r\u00e9gion Centre, le laboratoire de Mekn\u00e8s de la r\u00e9gion Nord et le laboratoire d\u2019Agadir de la r\u00e9gion Sud.\nTel que susvis\u00e9, ces laboratoires ont les \u00e9quipements et les comp\u00e9tences humaines n\u00e9cessaires pour le contr\u00f4le analytique des huiles d\u2019olive exig\u00e9 par la r\u00e9glementation internationale dont celle du march\u00e9 am\u00e9ricain.<\/p><\/div><\/div><\/div><div class='dt-sc-timeline '><div class=\"dt-sc-timeline-content\"><div class=\"dt-sc-timeline-icon-wrapper\"><span><img width=\"268\" height=\"284\" src=\"https:\/\/moroccanoliveoil.com\/wp-content\/uploads\/2020\/06\/img-abt-1.jpg\" class=\"attachment-full\" alt=\"\" decoding=\"async\" loading=\"lazy\" \/><\/span><\/div><div class=\"dt-sc-timeline-content-wrapper\"><h2>Mise en bouteille<\/h2><p>La mise en bouteille de l\u2019huile passe par un processus comportant plusieurs \u00e9tapes :\n\u2022 Approvisionnement en huiles\n\u2022 R\u00e9ception des huiles\n\u2022 Contr\u00f4le \u00e0 la r\u00e9ception et prise d\u2019\u00e9chantillon\n\u2022 Stockage\n\u2022 Filtration\n\u2022 Contr\u00f4le des huiles filtr\u00e9es\n\u2022 Stockage dans des citernes sp\u00e9cifiques\n\u2022 Mise en bouteilles\n\u2022 Contr\u00f4le du niveau de remplissage et contr\u00f4le pour la d\u00e9tection des corps \u00e9trangers\n\u2022 Mise en cartons\n\u2022 Contr\u00f4le de l\u2019int\u00e9grit\u00e9 de la marchandise\n\u2022 Palettisation et stockage<\/p><\/div><\/div><\/div><\/div><div id=\"1590813009059-4189d3dc-ffb9\" class=\"dt-sc-empty-space\"><\/div>[\/vc_column][\/vc_row][\/vc_section][vc_section bully_section=\u00a0\u00bbyes\u00a0\u00bb][vc_row][vc_column]<div class='dt-sc-title with-image with-sub-title aligncenter'><h4>Tra\u00e7abilit\u00e9<\/h4><h2>Tra\u00e7abilit\u00e9<\/h2><\/div>[vc_column_text]La tra\u00e7abilit\u00e9 des produits alimentaires est aujourd\u2019hui une exigence majeure pour l\u2019exportation de l\u2019huile d\u2019olive marocaine.<br \/>\nLe consommateur doit \u00eatre inform\u00e9 de la nature des produits et la mani\u00e8re de les manipuler via une \u00e9tiquette appropri\u00e9e.<br \/>\nDepuis le 1er janvier 2005, les exportateurs marocains de produits agroalimentaires doivent se soumettre \u00e0 cette nouvelle exigence afin d\u2019exporter leurs produits.<\/p>\n<p>\u00c0 chaque \u00e9tape du processus de production, des registres pr\u00e9cis sont tenus, afin que pour chaque bouteille, sa tra\u00e7abilit\u00e9 soit connue : num\u00e9ro de parcelle o\u00f9 les olives ont \u00e9t\u00e9 r\u00e9colt\u00e9es, nature du sol, quantit\u00e9 d&rsquo;eau donn\u00e9e, op\u00e9rations manuelles apport\u00e9es aux arbres pendant la campagne, la temp\u00e9rature au m\u00e9langeur et au d\u00e9canteur. Il existe donc un syst\u00e8me de tra\u00e7abilit\u00e9 complet de l&rsquo;olivier du Maroc jusqu\u2019\u00e0 l&rsquo;\u00e9tag\u00e8re des supermarch\u00e9s am\u00e9ricains.<br \/>\n[\/vc_column_text][vc_column_text]<\/p>\n<h5 style=\"text-align: center; font-weight: 900; text-transform: uppercase;\">Sch\u00e9ma de tra\u00e7abilit\u00e9 dans la fili\u00e8re ol\u00e9icole marocaine<\/h5>\n<p>[\/vc_column_text][vc_single_image image=\u00a0\u00bb14581&Prime; img_size=\u00a0\u00bbfull\u00a0\u00bb alignment=\u00a0\u00bbcenter\u00a0\u00bb][vc_column_text]<\/p>\n<h5 style=\"text-align: center; font-weight: 900; text-transform: uppercase; margin-bottom: 0px;\">Proc\u00e9dure de tra\u00e7abilit\u00e9<\/h5>\n<p style=\"text-align: center;\">Cette proc\u00e9dure s&rsquo;articule autour de 3 modules diff\u00e9rents<\/p>\n<p>[\/vc_column_text]<div id=\"1590886933999-a348f10a-7bb2\" class=\"dt-sc-empty-space\"><\/div>[vc_row_inner el_id=\u00a0\u00bbnumber-blocs\u00a0\u00bb][vc_column_inner width=\u00a0\u00bb1\/3&Prime;]<div class='dt-sc-title with-image with-sub-title aligncenter'><h4>1<\/h4><h2>L'identification des vergers<\/h2><\/div><div id=\"1590887029512-1b8aecd3-0de4\" class=\"dt-sc-empty-space\"><\/div>[\/vc_column_inner][vc_column_inner width=\u00a0\u00bb1\/3&Prime;]<div class='dt-sc-title with-image with-sub-title aligncenter'><h4>2<\/h4><h2>La conduite de la culture<\/h2><\/div><div id=\"1590887029003-1536025c-a23a\" class=\"dt-sc-empty-space\"><\/div>[\/vc_column_inner][vc_column_inner width=\u00a0\u00bb1\/3&Prime;]<div class='dt-sc-title with-image with-sub-title aligncenter'><h4>3<\/h4><h2>La r\u00e9colte<\/h2><\/div><div id=\"1590887028520-e3904ca6-2bab\" class=\"dt-sc-empty-space\"><\/div>[\/vc_column_inner][\/vc_row_inner][vc_column_text]\u00c0 la veille de chaque campagne ol\u00e9icole, chaque producteur d&rsquo;olive marocain adresse, directement ou par le biais de son association, une demande d&rsquo;adh\u00e9sion au syst\u00e8me de tra\u00e7abilit\u00e9 \u00e0 l&rsquo;unit\u00e9 de trituration. Une fois sa demande accept\u00e9e, le producteur s&rsquo;engage \u00e0 respecter de mani\u00e8re stricte cette proc\u00e9dure de gestion de la production des olives.[\/vc_column_text][\/vc_column][\/vc_row][\/vc_section][vc_section bully_section=\u00a0\u00bbyes\u00a0\u00bb][vc_row full_width=\u00a0\u00bbstretch_row_content\u00a0\u00bb][vc_column][vc_row_inner][vc_column_inner]<div id=\"1591603911371-220c6afc-88ca\" class=\"dt-sc-empty-space\"><\/div>[\/vc_column_inner][\/vc_row_inner][vc_row_inner][vc_column_inner][vc_separator el_width=\u00a0\u00bb70&Prime;][\/vc_column_inner][\/vc_row_inner][vc_row_inner equal_height=\u00a0\u00bbyes\u00a0\u00bb el_id=\u00a0\u00bbbloc-discover-image\u00a0\u00bb el_class=\u00a0\u00bbmax-width-bloc-lifestyle\u00a0\u00bb][vc_column_inner width=\u00a0\u00bb1\/3&Prime;][vc_single_image image=\u00a0\u00bb14991&Prime; img_size=\u00a0\u00bbfull\u00a0\u00bb alignment=\u00a0\u00bbcenter\u00a0\u00bb onclick=\u00a0\u00bbcustom_link\u00a0\u00bb css=\u00a0\u00bb.vc_custom_1591608874912{margin-bottom: 0px !important;}\u00a0\u00bb link=\u00a0\u00bbhttp:\/\/moroccanoliveoil.com\/about\/moo-history\/\u00a0\u00bb][vc_btn title=\u00a0\u00bbNotre histoire\u00a0\u00bb style=\u00a0\u00bbflat\u00a0\u00bb shape=\u00a0\u00bbsquare\u00a0\u00bb size=\u00a0\u00bbsm\u00a0\u00bb align=\u00a0\u00bbleft\u00a0\u00bb i_align=\u00a0\u00bbright\u00a0\u00bb i_type=\u00a0\u00bbentypo\u00a0\u00bb i_icon_entypo=\u00a0\u00bbentypo-icon entypo-icon-right-open-big\u00a0\u00bb button_block=\u00a0\u00bbtrue\u00a0\u00bb add_icon=\u00a0\u00bbtrue\u00a0\u00bb link=\u00a0\u00bburl:http%3A%2F%2Fmoroccanoliveoil.com%2Fabout%2Fmoo-history%2F|title:Mediterranean%20diet||\u00a0\u00bb el_class=\u00a0\u00bbbtn-color-2&Prime;][\/vc_column_inner][vc_column_inner width=\u00a0\u00bb1\/3&Prime;][vc_single_image image=\u00a0\u00bb14992&Prime; img_size=\u00a0\u00bbfull\u00a0\u00bb alignment=\u00a0\u00bbcenter\u00a0\u00bb onclick=\u00a0\u00bbcustom_link\u00a0\u00bb css=\u00a0\u00bb.vc_custom_1591608886272{margin-bottom: 0px !important;}\u00a0\u00bb link=\u00a0\u00bbhttp:\/\/moroccanoliveoil.com\/about\/moo-distinction\/\u00a0\u00bb][vc_btn title=\u00a0\u00bbMoo Distinction\u00a0\u00bb style=\u00a0\u00bbflat\u00a0\u00bb shape=\u00a0\u00bbsquare\u00a0\u00bb size=\u00a0\u00bbsm\u00a0\u00bb align=\u00a0\u00bbleft\u00a0\u00bb i_align=\u00a0\u00bbright\u00a0\u00bb i_type=\u00a0\u00bbentypo\u00a0\u00bb i_icon_entypo=\u00a0\u00bbentypo-icon entypo-icon-right-open-big\u00a0\u00bb button_block=\u00a0\u00bbtrue\u00a0\u00bb add_icon=\u00a0\u00bbtrue\u00a0\u00bb link=\u00a0\u00bburl:http%3A%2F%2Fmoroccanoliveoil.com%2Fabout%2Fmoo-distinction%2F|title:Moroccan%20gastronomy||\u00a0\u00bb el_class=\u00a0\u00bbbtn-color-1&Prime;][\/vc_column_inner][vc_column_inner width=\u00a0\u00bb1\/3&Prime;][vc_single_image image=\u00a0\u00bb14993&Prime; img_size=\u00a0\u00bbfull\u00a0\u00bb alignment=\u00a0\u00bbcenter\u00a0\u00bb onclick=\u00a0\u00bbcustom_link\u00a0\u00bb css=\u00a0\u00bb.vc_custom_1591608896321{margin-bottom: 0px !important;}\u00a0\u00bb link=\u00a0\u00bbhttp:\/\/moroccanoliveoil.com\/about\/morocco-foodex\/\u00a0\u00bb][vc_btn title=\u00a0\u00bbMorocco Foodex &amp; Interprolive\u00a0\u00bb style=\u00a0\u00bbflat\u00a0\u00bb shape=\u00a0\u00bbsquare\u00a0\u00bb size=\u00a0\u00bbsm\u00a0\u00bb align=\u00a0\u00bbleft\u00a0\u00bb i_align=\u00a0\u00bbright\u00a0\u00bb i_type=\u00a0\u00bbentypo\u00a0\u00bb i_icon_entypo=\u00a0\u00bbentypo-icon entypo-icon-right-open-big\u00a0\u00bb button_block=\u00a0\u00bbtrue\u00a0\u00bb add_icon=\u00a0\u00bbtrue\u00a0\u00bb link=\u00a0\u00bburl:http%3A%2F%2Fmoroccanoliveoil.com%2Fabout%2Fmorocco-foodex%2F|title:Moroccan%20gastronomy||\u00a0\u00bb el_class=\u00a0\u00bbbtn-color-1&Prime;][\/vc_column_inner][\/vc_row_inner][\/vc_column][\/vc_row][\/vc_section]<\/p>","protected":false},"excerpt":{"rendered":"<p>[vc_section bully_section=\u00a0\u00bbyes\u00a0\u00bb][vc_row][vc_column][\/vc_column][\/vc_row][\/vc_section][vc_section bully_section=\u00a0\u00bbyes\u00a0\u00bb][vc_row][vc_column][vc_column_text]La tra\u00e7abilit\u00e9 des produits alimentaires est aujourd\u2019hui une exigence majeure pour l\u2019exportation de l\u2019huile d\u2019olive marocaine. Le consommateur doit \u00eatre inform\u00e9 de la nature des produits et la mani\u00e8re de les manipuler via une \u00e9tiquette appropri\u00e9e. Depuis le 1er janvier 2005, les exportateurs marocains de produits agroalimentaires doivent se soumettre \u00e0 cette nouvelle [&hellip;]<\/p>\n","protected":false},"author":1,"featured_media":0,"parent":14216,"menu_order":0,"comment_status":"closed","ping_status":"closed","template":"","meta":[],"_links":{"self":[{"href":"https:\/\/moroccanoliveoil.com\/fr\/wp-json\/wp\/v2\/pages\/14147"}],"collection":[{"href":"https:\/\/moroccanoliveoil.com\/fr\/wp-json\/wp\/v2\/pages"}],"about":[{"href":"https:\/\/moroccanoliveoil.com\/fr\/wp-json\/wp\/v2\/types\/page"}],"author":[{"embeddable":true,"href":"https:\/\/moroccanoliveoil.com\/fr\/wp-json\/wp\/v2\/users\/1"}],"replies":[{"embeddable":true,"href":"https:\/\/moroccanoliveoil.com\/fr\/wp-json\/wp\/v2\/comments?post=14147"}],"version-history":[{"count":49,"href":"https:\/\/moroccanoliveoil.com\/fr\/wp-json\/wp\/v2\/pages\/14147\/revisions"}],"predecessor-version":[{"id":15075,"href":"https:\/\/moroccanoliveoil.com\/fr\/wp-json\/wp\/v2\/pages\/14147\/revisions\/15075"}],"up":[{"embeddable":true,"href":"https:\/\/moroccanoliveoil.com\/fr\/wp-json\/wp\/v2\/pages\/14216"}],"wp:attachment":[{"href":"https:\/\/moroccanoliveoil.com\/fr\/wp-json\/wp\/v2\/media?parent=14147"}],"curies":[{"name":"wp","href":"https:\/\/api.w.org\/{rel}","templated":true}]}}