{"id":14077,"date":"2020-05-30T06:50:25","date_gmt":"2020-05-30T04:50:25","guid":{"rendered":"http:\/\/moroccanoliveoil.com\/?page_id=14077"},"modified":"2020-06-08T09:55:44","modified_gmt":"2020-06-08T07:55:44","slug":"lifestyle","status":"publish","type":"page","link":"https:\/\/moroccanoliveoil.com\/fr\/lifestyle\/","title":{"rendered":"Lifestyle"},"content":{"rendered":"<p>[vc_section bully_section=\u00a0\u00bbyes\u00a0\u00bb][vc_row][vc_column]<div id=\"1590803872640-2ab4db06-18ef\" class=\"dt-sc-empty-space\"><\/div><div class='dt-sc-title with-image with-sub-title aligncenter'><h4>Lifestyle<\/h4><h2>Lifestyle<\/h2><\/div>[vc_column_text]<\/p>\n<p style=\"text-align: center;\">Reconnue pour ses bienfaits dans le monde, l\u2019huile d\u2019olive d\u00e9tiendrait le secret de la long\u00e9vit\u00e9 en contribuant, entre autres, \u00e0 la pr\u00e9vention des maladies cardiaques, des AVC, ainsi que des cancers du sein, des voies respiratoires et du tube digestif sup\u00e9rieur.<br \/>\nIncontournable et omnipr\u00e9sente dans les cuisines m\u00e9diterran\u00e9ennes et marocaines, l\u2019huile d\u2019olive est un v\u00e9ritable partenaire sant\u00e9 !<br \/>\nProfitez de ses bienfaits en vitamines et en antioxydants en la consommant crue et quotidiennement. \u00c0 consommer sans mod\u00e9ration !<\/p>\n<p>[\/vc_column_text]<div id=\"1590815189734-4831f315-cbfa\" class=\"dt-sc-empty-space\"><\/div>[vc_row_inner el_id=\u00a0\u00bbbloc-discover-image\u00a0\u00bb el_class=\u00a0\u00bbmax-width-bloc-lifestyle\u00a0\u00bb][vc_column_inner width=\u00a0\u00bb1\/2&Prime;][vc_single_image image=\u00a0\u00bb14444&Prime; img_size=\u00a0\u00bbfull\u00a0\u00bb alignment=\u00a0\u00bbcenter\u00a0\u00bb onclick=\u00a0\u00bbcustom_link\u00a0\u00bb css=\u00a0\u00bb.vc_custom_1591286882322{margin-bottom: 0px !important;}\u00a0\u00bb link=\u00a0\u00bbhttp:\/\/moroccanoliveoil.com\/lifestyle\/mediterranean-diet\/\u00a0\u00bb][vc_btn title=\u00a0\u00bbR\u00e9gime m\u00e9diterran\u00e9en\u00a0\u00bb style=\u00a0\u00bbflat\u00a0\u00bb shape=\u00a0\u00bbsquare\u00a0\u00bb align=\u00a0\u00bbleft\u00a0\u00bb i_align=\u00a0\u00bbright\u00a0\u00bb i_type=\u00a0\u00bbentypo\u00a0\u00bb i_icon_entypo=\u00a0\u00bbentypo-icon entypo-icon-right-open-big\u00a0\u00bb button_block=\u00a0\u00bbtrue\u00a0\u00bb add_icon=\u00a0\u00bbtrue\u00a0\u00bb link=\u00a0\u00bburl:http%3A%2F%2Fmoroccanoliveoil.com%2Flifestyle%2Fmediterranean-diet%2F|title:Mediterranean%20diet||\u00a0\u00bb el_class=\u00a0\u00bbbtn-color-1&Prime;][\/vc_column_inner][vc_column_inner width=\u00a0\u00bb1\/2&Prime;][vc_single_image image=\u00a0\u00bb14445&Prime; img_size=\u00a0\u00bbfull\u00a0\u00bb alignment=\u00a0\u00bbcenter\u00a0\u00bb onclick=\u00a0\u00bbcustom_link\u00a0\u00bb css=\u00a0\u00bb.vc_custom_1591286824691{margin-bottom: 0px !important;}\u00a0\u00bb link=\u00a0\u00bbhttp:\/\/moroccanoliveoil.com\/lifestyle\/moroccan-gastronomy\/\u00a0\u00bb][vc_btn title=\u00a0\u00bbGastronomie marocaine\u00a0\u00bb style=\u00a0\u00bbflat\u00a0\u00bb shape=\u00a0\u00bbsquare\u00a0\u00bb align=\u00a0\u00bbleft\u00a0\u00bb i_align=\u00a0\u00bbright\u00a0\u00bb i_type=\u00a0\u00bbentypo\u00a0\u00bb i_icon_entypo=\u00a0\u00bbentypo-icon entypo-icon-right-open-big\u00a0\u00bb button_block=\u00a0\u00bbtrue\u00a0\u00bb add_icon=\u00a0\u00bbtrue\u00a0\u00bb link=\u00a0\u00bburl:http%3A%2F%2Fmoroccanoliveoil.com%2Flifestyle%2Fmoroccan-gastronomy%2F|title:Moroccan%20gastronomy||\u00a0\u00bb el_class=\u00a0\u00bbbtn-color-2&Prime;][\/vc_column_inner][\/vc_row_inner][\/vc_column][\/vc_row][\/vc_section]<\/p>","protected":false},"excerpt":{"rendered":"<p>[vc_section bully_section=\u00a0\u00bbyes\u00a0\u00bb][vc_row][vc_column][vc_column_text] Reconnue pour ses bienfaits dans le monde, l\u2019huile d\u2019olive d\u00e9tiendrait le secret de la long\u00e9vit\u00e9 en contribuant, entre autres, \u00e0 la pr\u00e9vention des maladies cardiaques, des AVC, ainsi que des cancers du sein, des voies respiratoires et du tube digestif sup\u00e9rieur. Incontournable et omnipr\u00e9sente dans les cuisines m\u00e9diterran\u00e9ennes et marocaines, l\u2019huile d\u2019olive est [&hellip;]<\/p>\n","protected":false},"author":1,"featured_media":0,"parent":0,"menu_order":0,"comment_status":"closed","ping_status":"closed","template":"","meta":[],"_links":{"self":[{"href":"https:\/\/moroccanoliveoil.com\/fr\/wp-json\/wp\/v2\/pages\/14077"}],"collection":[{"href":"https:\/\/moroccanoliveoil.com\/fr\/wp-json\/wp\/v2\/pages"}],"about":[{"href":"https:\/\/moroccanoliveoil.com\/fr\/wp-json\/wp\/v2\/types\/page"}],"author":[{"embeddable":true,"href":"https:\/\/moroccanoliveoil.com\/fr\/wp-json\/wp\/v2\/users\/1"}],"replies":[{"embeddable":true,"href":"https:\/\/moroccanoliveoil.com\/fr\/wp-json\/wp\/v2\/comments?post=14077"}],"version-history":[{"count":12,"href":"https:\/\/moroccanoliveoil.com\/fr\/wp-json\/wp\/v2\/pages\/14077\/revisions"}],"predecessor-version":[{"id":14858,"href":"https:\/\/moroccanoliveoil.com\/fr\/wp-json\/wp\/v2\/pages\/14077\/revisions\/14858"}],"wp:attachment":[{"href":"https:\/\/moroccanoliveoil.com\/fr\/wp-json\/wp\/v2\/media?parent=14077"}],"curies":[{"name":"wp","href":"https:\/\/api.w.org\/{rel}","templated":true}]}}