{"id":14,"date":"2018-04-13T04:56:44","date_gmt":"2018-04-13T04:56:44","guid":{"rendered":"http:\/\/moroccanoliveoil.com\/?page_id=14"},"modified":"2020-08-05T05:10:15","modified_gmt":"2020-08-05T03:10:15","slug":"home","status":"publish","type":"page","link":"https:\/\/moroccanoliveoil.com\/fr\/","title":{"rendered":"Home"},"content":{"rendered":"<p>[vc_section bully_section=\u00a0\u00bbyes\u00a0\u00bb][vc_row][vc_column][vc_row_inner content_placement=\u00a0\u00bbmiddle\u00a0\u00bb el_id=\u00a0\u00bbabout-us\u00a0\u00bb][vc_column_inner el_align=\u00a0\u00bbcenter\u00a0\u00bb]<div class='dt-sc-title with-image with-sub-title aligncenter about-us-home-title'><h4>A propos<\/h4><h2>A propos<\/h2><\/div>[vc_column_text]<\/p>\n<p style=\"text-align: center;\">Ancr\u00e9e dans notre culture marocaine et produite dans des technologies de pointe, Moroccan Olive Oil est la<br \/>\npromesse d\u2019une huile extra vierge au go\u00fbt exceptionnel.<\/p>\n<p>[\/vc_column_text][\/vc_column_inner][\/vc_row_inner]<div id=\"1590803872640-2ab4db06-18ef\" class=\"dt-sc-empty-space\"><\/div>[vc_row_inner el_id=\u00a0\u00bbbloc-discover-image\u00a0\u00bb][vc_column_inner width=\u00a0\u00bb1\/3&Prime;][vc_single_image image=\u00a0\u00bb14520&Prime; img_size=\u00a0\u00bbfull\u00a0\u00bb alignment=\u00a0\u00bbcenter\u00a0\u00bb onclick=\u00a0\u00bbcustom_link\u00a0\u00bb css=\u00a0\u00bb.vc_custom_1591285885568{margin-bottom: 0px !important;}\u00a0\u00bb link=\u00a0\u00bbhttp:\/\/moroccanoliveoil.com\/about\/moo-history\/\u00a0\u00bb][vc_btn title=\u00a0\u00bbNotre histoire\u00a0\u00bb style=\u00a0\u00bbflat\u00a0\u00bb shape=\u00a0\u00bbsquare\u00a0\u00bb align=\u00a0\u00bbcenter\u00a0\u00bb i_align=\u00a0\u00bbright\u00a0\u00bb i_type=\u00a0\u00bbentypo\u00a0\u00bb i_icon_entypo=\u00a0\u00bbentypo-icon entypo-icon-right-open-big\u00a0\u00bb button_block=\u00a0\u00bbtrue\u00a0\u00bb add_icon=\u00a0\u00bbtrue\u00a0\u00bb link=\u00a0\u00bburl:http%3A%2F%2Fmoroccanoliveoil.com%2Fabout%2Fmoo-history%2F|||\u00a0\u00bb el_class=\u00a0\u00bbbtn-color-1&Prime;][\/vc_column_inner][vc_column_inner width=\u00a0\u00bb1\/3&Prime;][vc_single_image image=\u00a0\u00bb14519&Prime; img_size=\u00a0\u00bbfull\u00a0\u00bb alignment=\u00a0\u00bbcenter\u00a0\u00bb onclick=\u00a0\u00bbcustom_link\u00a0\u00bb css=\u00a0\u00bb.vc_custom_1591285856409{margin-bottom: 0px !important;}\u00a0\u00bb link=\u00a0\u00bbhttp:\/\/moroccanoliveoil.com\/quality-standards\/\u00a0\u00bb][vc_btn title=\u00a0\u00bbQualit\u00e9 et standards\u00a0\u00bb style=\u00a0\u00bbflat\u00a0\u00bb shape=\u00a0\u00bbsquare\u00a0\u00bb align=\u00a0\u00bbcenter\u00a0\u00bb i_align=\u00a0\u00bbright\u00a0\u00bb i_type=\u00a0\u00bbentypo\u00a0\u00bb i_icon_entypo=\u00a0\u00bbentypo-icon entypo-icon-right-open-big\u00a0\u00bb button_block=\u00a0\u00bbtrue\u00a0\u00bb add_icon=\u00a0\u00bbtrue\u00a0\u00bb link=\u00a0\u00bburl:http%3A%2F%2Fmoroccanoliveoil.com%2Fquality-standards%2F|title:Quality%20%26%20Standards||\u00a0\u00bb el_class=\u00a0\u00bbbtn-color-2&Prime;][\/vc_column_inner][vc_column_inner width=\u00a0\u00bb1\/3&Prime;][vc_single_image image=\u00a0\u00bb14518&Prime; img_size=\u00a0\u00bbfull\u00a0\u00bb alignment=\u00a0\u00bbcenter\u00a0\u00bb onclick=\u00a0\u00bbcustom_link\u00a0\u00bb css=\u00a0\u00bb.vc_custom_1591285780106{margin-bottom: 0px !important;}\u00a0\u00bb link=\u00a0\u00bbhttp:\/\/moroccanoliveoil.com\/olive-oil\/\u00a0\u00bb][vc_btn title=\u00a0\u00bbVari\u00e9t\u00e9s d\u2019olives\u00a0\u00bb style=\u00a0\u00bbflat\u00a0\u00bb shape=\u00a0\u00bbsquare\u00a0\u00bb align=\u00a0\u00bbcenter\u00a0\u00bb i_align=\u00a0\u00bbright\u00a0\u00bb i_type=\u00a0\u00bbentypo\u00a0\u00bb i_icon_entypo=\u00a0\u00bbentypo-icon entypo-icon-right-open-big\u00a0\u00bb button_block=\u00a0\u00bbtrue\u00a0\u00bb add_icon=\u00a0\u00bbtrue\u00a0\u00bb link=\u00a0\u00bburl:http%3A%2F%2Fmoroccanoliveoil.com%2Folive-oil%2F|||\u00a0\u00bb el_class=\u00a0\u00bbbtn-color-3&Prime;][\/vc_column_inner][\/vc_row_inner]<div id=\"1590803230702-d2994a01-2221\" class=\"dt-sc-empty-space\"><\/div>[\/vc_column][\/vc_row][\/vc_section][vc_section bully_section=\u00a0\u00bbyes\u00a0\u00bb][vc_row css=\u00a0\u00bb.vc_custom_1590846175790{padding-top: 80px !important;padding-right: 50px !important;padding-bottom: 50px !important;padding-left: 50px !important;background-image: url(http:\/\/moroccanoliveoil.com\/wp-content\/uploads\/2020\/05\/bg-expertise.jpg?id=14086) !important;}\u00a0\u00bb el_class=\u00a0\u00bbbloc-max-width\u00a0\u00bb][vc_column]<div class='dt-sc-title with-image with-sub-title aligncenter expertise-home-title'><h4>Expertise<\/h4><h2>Expertise<\/h2><\/div>[vc_row_inner el_class=\u00a0\u00bbexpertise-img-text-home\u00a0\u00bb][vc_column_inner el_align=\u00a0\u00bbleft\u00a0\u00bb width=\u00a0\u00bb2\/3&Prime; css=\u00a0\u00bb.vc_custom_1590849943599{padding-right: 60px !important;padding-left: 30px !important;}\u00a0\u00bb][vc_column_text]<\/p>\n<h3 style=\"text-align: left; font-weight: 900; text-transform: uppercase;\">Production &amp; tra\u00e7abilit\u00e9<\/h3>\n<p>Notre processus de production int\u00e9gr\u00e9 nous permet de maintenir<br \/>\nune qualit\u00e9 irr\u00e9prochable, afin de garantir une tra\u00e7abilit\u00e9 depuis<br \/>\nl\u2019arbre jusqu\u2019\u00e0 votre assiette.[\/vc_column_text][vc_btn title=\u00a0\u00bbEn savoir plus\u00a0\u00bb style=\u00a0\u00bbflat\u00a0\u00bb shape=\u00a0\u00bbsquare\u00a0\u00bb color=\u00a0\u00bborange\u00a0\u00bb size=\u00a0\u00bbsm\u00a0\u00bb align=\u00a0\u00bbleft\u00a0\u00bb link=\u00a0\u00bburl:http%3A%2F%2Fmoroccanoliveoil.com%2Fabout%2Fproduction%2F|title:Production||\u00a0\u00bb el_class=\u00a0\u00bbbtn-color-4&Prime;][\/vc_column_inner][vc_column_inner width=\u00a0\u00bb1\/3&Prime;][vc_single_image image=\u00a0\u00bb14591&Prime; img_size=\u00a0\u00bbfull\u00a0\u00bb alignment=\u00a0\u00bbcenter\u00a0\u00bb][\/vc_column_inner][\/vc_row_inner][\/vc_column][\/vc_row][vc_row css=\u00a0\u00bb.vc_custom_1590846248547{padding-top: 50px !important;padding-right: 50px !important;padding-bottom: 50px !important;padding-left: 50px !important;}\u00a0\u00bb el_class=\u00a0\u00bbbloc-max-width\u00a0\u00bb][vc_column][vc_row_inner el_class=\u00a0\u00bbexpertise-img-text-home\u00a0\u00bb][vc_column_inner width=\u00a0\u00bb1\/3&Prime;][vc_single_image image=\u00a0\u00bb14087&Prime; img_size=\u00a0\u00bbfull\u00a0\u00bb alignment=\u00a0\u00bbcenter\u00a0\u00bb el_id=\u00a0\u00bbimg2-expertise\u00a0\u00bb][\/vc_column_inner][vc_column_inner el_align=\u00a0\u00bbleft\u00a0\u00bb width=\u00a0\u00bb2\/3&Prime; css=\u00a0\u00bb.vc_custom_1590849950696{padding-right: 30px !important;padding-left: 60px !important;}\u00a0\u00bb][vc_column_text css=\u00a0\u00bb.vc_custom_1591244589004{margin-bottom: 25px !important;}\u00a0\u00bb]<\/p>\n<h3 style=\"text-align: left; font-weight: 900; text-transform: uppercase;\">Environnement &amp; s\u00e9curit\u00e9 alimentaire<\/h3>\n<p>Maintenir les normes de s\u00e9curit\u00e9 alimentaire et veiller \u00e0 leur respect est notre engagement en tant que marque, c&rsquo;est pour cette raison que nous avons \u00e9tabli notre \u00e9thique de travail gr\u00e2ce \u00e0 un syst\u00e8me de contr\u00f4le des conditions de production depuis la cueillette jusqu\u2019\u00e0 la mise en bouteille.[\/vc_column_text][vc_btn title=\u00a0\u00bbEn savoir plus\u00a0\u00bb style=\u00a0\u00bbflat\u00a0\u00bb shape=\u00a0\u00bbsquare\u00a0\u00bb color=\u00a0\u00bborange\u00a0\u00bb size=\u00a0\u00bbsm\u00a0\u00bb align=\u00a0\u00bbleft\u00a0\u00bb link=\u00a0\u00bburl:http%3A%2F%2Fmoroccanoliveoil.com%2Fenvirenement-sanitary-safety%2F|title:Envirenement%20%26%20SANITARY%20SAFETY||\u00a0\u00bb el_class=\u00a0\u00bbbtn-color-4&Prime;][\/vc_column_inner][\/vc_row_inner]<div id=\"1590845981053-d75515be-e2ab\" class=\"dt-sc-empty-space\"><\/div>[\/vc_column][\/vc_row][vc_row full_width=\u00a0\u00bbstretch_row\u00a0\u00bb content_placement=\u00a0\u00bbmiddle\u00a0\u00bb bg_type=\u00a0\u00bbimage\u00a0\u00bb parallax_style=\u00a0\u00bbvcpb-default\u00a0\u00bb bg_image_new=\u00a0\u00bbid^15166|url^http:\/\/moroccanoliveoil.com\/wp-content\/uploads\/2020\/08\/MOO_HOME_FORM-1-1.png|caption^null|alt^null|title^MOO_HOME_FORM (1)|description^null\u00a0\u00bb bg_image_repeat=\u00a0\u00bbrepeat-y\u00a0\u00bb css=\u00a0\u00bb.vc_custom_1596596442997{background-color: #ffffff !important;background-position: center !important;background-repeat: no-repeat !important;background-size: contain !important;}\u00a0\u00bb][vc_column]<div id=\"1596594067251-746f261c-4cb6\" class=\"dt-sc-empty-space\"><\/div><div class='dt-sc-title with-image with-sub-title aligncenter contact-home-page'><h4>Contactez nous<\/h4><h2>\u00cates-vous un d\u00e9taillant ou un grossiste?<br \/>\nlaissez nous un message<\/h2><\/div>[vc_row_inner el_class=\u00a0\u00bbexpertise-img-text-home\u00a0\u00bb][vc_column_inner width=\u00a0\u00bb1\/6&Prime;][\/vc_column_inner][vc_column_inner el_align=\u00a0\u00bbcenter\u00a0\u00bb width=\u00a0\u00bb2\/3&Prime;]<div role=\"form\" class=\"wpcf7\" id=\"wpcf7-f14427-o2\" lang=\"en-US\" dir=\"ltr\">\n<div class=\"screen-reader-response\" role=\"alert\" aria-live=\"polite\"><\/div>\n<form action=\"\/fr\/wp-json\/wp\/v2\/pages\/14#wpcf7-f14427-o2\" method=\"post\" class=\"wpcf7-form init\" novalidate=\"novalidate\">\n<div style=\"display: none;\">\n<input type=\"hidden\" name=\"_wpcf7\" value=\"14427\" \/>\n<input type=\"hidden\" name=\"_wpcf7_version\" value=\"5.2\" \/>\n<input type=\"hidden\" name=\"_wpcf7_locale\" value=\"en_US\" \/>\n<input type=\"hidden\" name=\"_wpcf7_unit_tag\" value=\"wpcf7-f14427-o2\" \/>\n<input type=\"hidden\" name=\"_wpcf7_container_post\" value=\"0\" \/>\n<input type=\"hidden\" name=\"_wpcf7_posted_data_hash\" value=\"\" \/>\n<\/div>\n<p>[vc_row][vc_column width=\"1\/2\"]\n<div class=\"contact-form\"><b class=\"fa fa-user-o\"><\/b><span class=\"wpcf7-form-control-wrap name-538\"><input type=\"text\" name=\"name-538\" value=\"\" size=\"40\" class=\"wpcf7-form-control wpcf7-text wpcf7-validates-as-required\" aria-required=\"true\" aria-invalid=\"false\" placeholder=\"Pr\u00e9nom\" \/><\/span><\/div>\n<p>[\/vc_column][vc_column width=\"1\/2\"]\n<div class=\"contact-form\"><b class=\"fa fa-user-o\"><\/b><span class=\"wpcf7-form-control-wrap lname-538\"><input type=\"text\" name=\"lname-538\" value=\"\" size=\"40\" class=\"wpcf7-form-control wpcf7-text wpcf7-validates-as-required\" aria-required=\"true\" aria-invalid=\"false\" placeholder=\"Nom\" \/><\/span><\/div>\n<p>[\/vc_column][\/vc_row][vc_row][vc_column width=\"1\/2\"]\n<div class=\"contact-form\"><b class=\"fa fa-building-o\"><\/b><span class=\"wpcf7-form-control-wrap company-259\"><input type=\"text\" name=\"company-259\" value=\"\" size=\"40\" class=\"wpcf7-form-control wpcf7-text wpcf7-validates-as-required\" aria-required=\"true\" aria-invalid=\"false\" placeholder=\"Entit\u00e9\/Entreprise\" \/><\/span><\/div>\n<p>[\/vc_column][vc_column width=\"1\/2\"]\n<div class=\"contact-form\"><b class=\"fa fa-envelope-o\"><\/b><span class=\"wpcf7-form-control-wrap email-259\"><input type=\"email\" name=\"email-259\" value=\"\" size=\"40\" class=\"wpcf7-form-control wpcf7-text wpcf7-email wpcf7-validates-as-required wpcf7-validates-as-email\" aria-required=\"true\" aria-invalid=\"false\" placeholder=\"Email\" \/><\/span><\/div>\n<p>[\/vc_column][vc_column]\n<div class=\"contact-form\"><b class=\"fa fa-phone\"><\/b><span class=\"wpcf7-form-control-wrap phone\"><input type=\"text\" name=\"phone\" value=\"\" size=\"40\" class=\"wpcf7-form-control wpcf7-text wpcf7-validates-as-required\" aria-required=\"true\" aria-invalid=\"false\" placeholder=\"T\u00e9l\u00e9phone\" \/><\/span><\/div>\n<p>[\/vc_column][vc_column]\n<div class=\"contact-form\"><b class=\"fa fa-bookmark-o\"><\/b><span class=\"wpcf7-form-control-wrap object\"><input type=\"text\" name=\"object\" value=\"\" size=\"40\" class=\"wpcf7-form-control wpcf7-text wpcf7-validates-as-required\" aria-required=\"true\" aria-invalid=\"false\" placeholder=\"Objet\" \/><\/span><\/div>\n<p>[\/vc_column]<div class='dt-sc-clear '> <\/div>[vc_column]\n<div class=\"contact-form textarea-field\"><b class=\"fa fa-file-text-o\"><\/b><span class=\"wpcf7-form-control-wrap textarea-657\"><textarea name=\"textarea-657\" cols=\"40\" rows=\"10\" class=\"wpcf7-form-control wpcf7-textarea\" aria-invalid=\"false\" placeholder=\"Message\"><\/textarea><\/span><\/div>\n<p><input type=\"submit\" value=\"Envoyer\" class=\"wpcf7-form-control wpcf7-submit\" \/>[\/vc_column][\/vc_row]<\/p>\n<div class=\"wpcf7-response-output\" role=\"alert\" aria-hidden=\"true\"><\/div><\/form><\/div>[\/vc_column_inner][vc_column_inner width=\u00a0\u00bb1\/6&Prime;][\/vc_column_inner][\/vc_row_inner]<div id=\"1596593691861-712946e0-7cd8\" class=\"dt-sc-empty-space\"><\/div>[\/vc_column][\/vc_row][\/vc_section][vc_section bully_section=\u00a0\u00bbyes\u00a0\u00bb][vc_row][vc_column]<div id=\"1596594917688-4a8b2126-d423\" class=\"dt-sc-empty-space\"><\/div><div class='dt-sc-title with-image with-sub-title aligncenter about-us-home-title'><h4>Recettes<\/h4><h2>Recettes<\/h2><\/div>[\/vc_column][\/vc_row][vc_row full_width=\u00a0\u00bbstretch_row\u00a0\u00bb equal_height=\u00a0\u00bbyes\u00a0\u00bb content_placement=\u00a0\u00bbmiddle\u00a0\u00bb][vc_column width=\u00a0\u00bb1\/3&Prime; offset=\u00a0\u00bbvc_col-lg-4 vc_col-md-12&Prime; el_class=\u00a0\u00bbrs_col-sm-12&Prime;]<div class='dt-sc-icon-box type4 '><div class=\"icon-wrapper\"><img width=\"47\" height=\"50\" src=\"https:\/\/moroccanoliveoil.com\/wp-content\/uploads\/2020\/05\/icon-recipe2.jpg\" class=\"attachment-full\" alt=\"\" decoding=\"async\" loading=\"lazy\" \/><\/div><div class=\"icon-content\"><p><p style=\"text-transform: uppercase; line-height: 18px; font-size: 13px; margin-bottom: 5px;\"><b>Soupe m\u00e9diterran\u00e9enne aux haricots blancs<\/b><\/p>\n<p style=\"text-transform: uppercase; line-height: 18px; font-size: 13px; margin-bottom: 5px;\">Une recette saine pour les v\u00e9g\u00e9tariens ! La soupe aux haricots blancs avec des \u00e9pinards et du parmesan.<\/p><\/p><\/div><\/div><div class='dt-sc-icon-box type4 '><div class=\"icon-wrapper\"><img width=\"47\" height=\"50\" src=\"https:\/\/moroccanoliveoil.com\/wp-content\/uploads\/2020\/05\/icon-recipe1.jpg\" class=\"attachment-full\" alt=\"\" decoding=\"async\" loading=\"lazy\" \/><\/div><div class=\"icon-content\"><p><p style=\"text-transform: uppercase; line-height: 18px; font-size: 13px; margin-bottom: 5px;\"><b>SALADE MAROCAINE DE POIS CHICHES<\/b><\/p>\n<p style=\"text-transform: uppercase; line-height: 18px; font-size: 13px; margin-bottom: 5px;\">CETTE SALADE MAROCAINE DE POIS CHICHES AUX CAROTTES, QUINOA ET FETA L\u00c9G\u00c8RE, COLOREE ET SAINE EST REMPLIE D&rsquo;\u00c9PICES MAROCAINES, DE SAVEURS EXOTIQUES ET D&rsquo;INGR\u00c9DIENTS FRAIS !<\/p><\/p><\/div><\/div><a href='http:\/\/moroccanoliveoil.com\/lifestyle\/moroccan-gastronomy\/' target='_self' title='Moroccan gastronomy' class='dt-sc-button   large icon-right with-icon  bordered  custom-btn-type-1'  style=\"background-color:rgba(255,255,255,0.01);border-color:rgba(255,255,255,0.01);color:#000000;font-size:34px;\"> Cuisine ||Marocaine|\/| <span class='fa fa-angle-right'> <\/span><\/a>[\/vc_column][vc_column width=\u00a0\u00bb1\/3&Prime; offset=\u00a0\u00bbvc_col-lg-4 vc_col-md-12&Prime; el_class=\u00a0\u00bbrs_col-sm-12&Prime;]<img width=\"336\" height=\"515\" src=\"https:\/\/moroccanoliveoil.com\/wp-content\/uploads\/2020\/05\/img-recipe.jpg\" class=\"aligncenter attachment-full\" alt=\"\" decoding=\"async\" loading=\"lazy\" srcset=\"https:\/\/moroccanoliveoil.com\/wp-content\/uploads\/2020\/05\/img-recipe.jpg 336w, https:\/\/moroccanoliveoil.com\/wp-content\/uploads\/2020\/05\/img-recipe-196x300.jpg 196w\" sizes=\"(max-width: 336px) 100vw, 336px\" \/>[\/vc_column][vc_column width=\u00a0\u00bb1\/3&Prime; offset=\u00a0\u00bbvc_col-lg-4 vc_col-md-12&Prime; el_class=\u00a0\u00bbrs_col-sm-12&Prime;]<div class='dt-sc-icon-box type4 '><div class=\"icon-wrapper\"><img width=\"47\" height=\"50\" src=\"https:\/\/moroccanoliveoil.com\/wp-content\/uploads\/2020\/05\/icon-recipe3.jpg\" class=\"attachment-full\" alt=\"\" decoding=\"async\" loading=\"lazy\" \/><\/div><div class=\"icon-content\"><p><p style=\"text-transform: uppercase; line-height: 18px; font-size: 13px; margin-bottom: 5px;\"><b>PO\u00caLON M\u00c9DITERRAN\u00c9EN DE POULET ET DE BOULGOUR<\/b><\/p>\n<p style=\"text-transform: uppercase; line-height: 18px; font-size: 13px; margin-bottom: 5px;\">VOUS SEREZ RAVIS DES R\u00c9SULTATS INCROYABLES DE CETTE MERVEILLE EN UN SEUL POT : BOULGOUR TENDRE, FETA CR\u00c9MEUSE ET POULET MOELLEUX!<\/p><\/p><\/div><\/div><div class='dt-sc-icon-box type4 '><div class=\"icon-wrapper\"><img width=\"47\" height=\"50\" src=\"https:\/\/moroccanoliveoil.com\/wp-content\/uploads\/2020\/05\/icon-recipe4.jpg\" class=\"attachment-full\" alt=\"\" decoding=\"async\" loading=\"lazy\" \/><\/div><div class=\"icon-content\"><p><p style=\"text-transform: uppercase; line-height: 18px; font-size: 13px; margin-bottom: 5px;\"><b>SAUMON AVEC SALADE TI\u00c8DE DE TOMATES-OLIVES<\/b><\/p>\n<p style=\"text-transform: uppercase; line-height: 18px; font-size: 13px; margin-bottom: 5px;\">BADIGEONNER LE SAUMON D&rsquo;UN M\u00c9LANGE D&rsquo;HUILE D&rsquo;OLIVE, DE MIEL ET DE VINAIGRE ET LE FAIRE GRILLER POUR OBTENIR UNE CRO\u00dbTE CROUSTILLANTE. SERVIR AVEC DEUX TOMATES ET OLIVES M\u00c9DITERRAN\u00c9ENNES FAVORITES \u00c0 PART.<\/p><\/p><\/div><\/div><a href='http:\/\/moroccanoliveoil.com\/lifestyle\/mediterranean-diet\/' target='_self' title='Mediterranean diet' class='dt-sc-button   large icon-right with-icon  bordered  custom-btn-type-1'  style=\"background-color:rgba(255,255,255,0.01);border-color:rgba(255,255,255,0.01);color:#000000;font-size:34px;\"> R\u00e9gime ||M\u00e9diterran\u00e9en|\/| <span class='fa fa-angle-right'> <\/span><\/a>[\/vc_column][\/vc_row][vc_row][vc_column][vc_raw_js]JTNDc2NyaXB0JTNFJTBBalF1ZXJ5JTI4ZG9jdW1lbnQlMjkucmVhZHklMjhmdW5jdGlvbiUyOCUyOSUyMCU3QiUwQWpRdWVyeSUyOCUyNy5jdXN0b20tYnRuLXR5cGUtMSUyNyUyOS5lYWNoJTI4ZnVuY3Rpb24lMjglMjklMjAlN0IlMEFqUXVlcnklMjh0aGlzJTI5Lmh0bWwlMjhqUXVlcnklMjh0aGlzJTI5Lmh0bWwlMjglMjkucmVwbGFjZSUyOCUyMiU3QyU3QyUyMiUyQyUyMCUyMiUzQ3NwYW4lM0UlMjIlMjkucmVwbGFjZSUyOCUyMiU3QyUyRiU3QyUyMiUyQyUyMCUyMiUzQyUyRnNwYW4lM0UlMjIlMjklMjklM0IlMEElN0QlMjklM0IlMEElN0QlMjklM0IlMEElM0MlMkZzY3JpcHQlM0U=[\/vc_raw_js][vc_empty_space height=\u00a0\u00bb90px\u00a0\u00bb][\/vc_column][\/vc_row][\/vc_section][vc_section disable_element=\u00a0\u00bbyes\u00a0\u00bb][vc_row full_width=\u00a0\u00bbstretch_row_content_no_spaces\u00a0\u00bb equal_height=\u00a0\u00bbyes\u00a0\u00bb][vc_column width=\u00a0\u00bb1\/2&Prime; css=\u00a0\u00bb.vc_custom_1590860930551{background-image: url(http:\/\/moroccanoliveoil.com\/wp-content\/uploads\/2020\/05\/image-media.jpg?id=14120) !important;background-position: center !important;background-repeat: no-repeat !important;background-size: cover !important;}\u00a0\u00bb][vc_empty_space height=\u00a0\u00bb200px\u00a0\u00bb][\/vc_column][vc_column width=\u00a0\u00bb1\/2&Prime;]<div class='dt-sc-title with-image with-sub-title media-home-title'><h4><\/h4><h2>MEDIA<\/h2><\/div><div class='dt-sc-image-caption  imgcap-type1'><div class='dt-sc-image-wrapper'><img width=\"229\" height=\"215\" src=\"https:\/\/moroccanoliveoil.com\/wp-content\/uploads\/2020\/05\/media-1.jpg\" class=\"attachment-full\" alt=\"\" decoding=\"async\" loading=\"lazy\" \/><\/div><div class='dt-sc-image-content'><div class='dt-sc-image-title'><h3>Lorem ipsum dolor sit amet, consectetur adipiscing\u00f9<\/h3><\/div><p>Lorem ipsum dolor sit amet, consectetur adipiscing elit. Nullam nec aliquam libero. Vestibulum nibh velit.<\/p><\/div><\/div>[\/vc_column][\/vc_row][vc_row full_width=\u00a0\u00bbstretch_row_content_no_spaces\u00a0\u00bb equal_height=\u00a0\u00bbyes\u00a0\u00bb][vc_column width=\u00a0\u00bb1\/2&Prime;]<div class='dt-sc-image-caption  imgcap-type2'><div class='dt-sc-image-wrapper'><img width=\"230\" height=\"214\" src=\"https:\/\/moroccanoliveoil.com\/wp-content\/uploads\/2020\/05\/media-3.jpg\" class=\"attachment-full\" alt=\"\" decoding=\"async\" loading=\"lazy\" \/><\/div><div class='dt-sc-image-content'><div class='dt-sc-image-title'><h3>Lorem ipsum dolor sit amet, consectetur adipiscing\u00f9<\/h3><\/div><p>Lorem ipsum dolor sit amet, consectetur adipiscing elit. Nullam nec aliquam libero. Vestibulum nibh velit.<\/p><\/div><\/div>[\/vc_column][vc_column width=\u00a0\u00bb1\/2&Prime;]<div class='dt-sc-image-caption  imgcap-type3'><div class='dt-sc-image-wrapper'><img width=\"229\" height=\"215\" src=\"https:\/\/moroccanoliveoil.com\/wp-content\/uploads\/2020\/05\/media-2.jpg\" class=\"attachment-full\" alt=\"\" decoding=\"async\" loading=\"lazy\" \/><\/div><div class='dt-sc-image-content'><div class='dt-sc-image-title'><h3>Lorem ipsum dolor sit amet, consectetur adipiscing\u00f9<\/h3><\/div><p><img decoding=\"async\" loading=\"lazy\" class=\"size-full wp-image-14136 aligncenter\" src=\"http:\/\/moroccanoliveoil.com\/wp-content\/uploads\/2020\/05\/right.png\" alt=\"\" width=\"38\" height=\"38\" \/><\/p><\/div><\/div>[\/vc_column][\/vc_row][\/vc_section]<\/p>","protected":false},"excerpt":{"rendered":"<p>[vc_section bully_section=\u00a0\u00bbyes\u00a0\u00bb][vc_row][vc_column][vc_row_inner content_placement=\u00a0\u00bbmiddle\u00a0\u00bb el_id=\u00a0\u00bbabout-us\u00a0\u00bb][vc_column_inner el_align=\u00a0\u00bbcenter\u00a0\u00bb][vc_column_text] Ancr\u00e9e dans notre culture marocaine et produite dans des technologies de pointe, Moroccan Olive Oil est la promesse d\u2019une huile extra vierge au go\u00fbt exceptionnel. [\/vc_column_text][\/vc_column_inner][\/vc_row_inner][vc_row_inner el_id=\u00a0\u00bbbloc-discover-image\u00a0\u00bb][vc_column_inner width=\u00a0\u00bb1\/3&Prime;][vc_single_image image=\u00a0\u00bb14520&Prime; img_size=\u00a0\u00bbfull\u00a0\u00bb alignment=\u00a0\u00bbcenter\u00a0\u00bb onclick=\u00a0\u00bbcustom_link\u00a0\u00bb css=\u00a0\u00bb.vc_custom_1591285885568{margin-bottom: 0px !important;}\u00a0\u00bb link=\u00a0\u00bbhttp:\/\/moroccanoliveoil.com\/about\/moo-history\/\u00a0\u00bb][vc_btn title=\u00a0\u00bbNotre histoire\u00a0\u00bb style=\u00a0\u00bbflat\u00a0\u00bb shape=\u00a0\u00bbsquare\u00a0\u00bb align=\u00a0\u00bbcenter\u00a0\u00bb i_align=\u00a0\u00bbright\u00a0\u00bb i_type=\u00a0\u00bbentypo\u00a0\u00bb i_icon_entypo=\u00a0\u00bbentypo-icon entypo-icon-right-open-big\u00a0\u00bb button_block=\u00a0\u00bbtrue\u00a0\u00bb add_icon=\u00a0\u00bbtrue\u00a0\u00bb link=\u00a0\u00bburl:http%3A%2F%2Fmoroccanoliveoil.com%2Fabout%2Fmoo-history%2F|||\u00a0\u00bb el_class=\u00a0\u00bbbtn-color-1&Prime;][\/vc_column_inner][vc_column_inner width=\u00a0\u00bb1\/3&Prime;][vc_single_image [&hellip;]<\/p>\n","protected":false},"author":1,"featured_media":0,"parent":0,"menu_order":0,"comment_status":"closed","ping_status":"closed","template":"","meta":[],"_links":{"self":[{"href":"https:\/\/moroccanoliveoil.com\/fr\/wp-json\/wp\/v2\/pages\/14"}],"collection":[{"href":"https:\/\/moroccanoliveoil.com\/fr\/wp-json\/wp\/v2\/pages"}],"about":[{"href":"https:\/\/moroccanoliveoil.com\/fr\/wp-json\/wp\/v2\/types\/page"}],"author":[{"embeddable":true,"href":"https:\/\/moroccanoliveoil.com\/fr\/wp-json\/wp\/v2\/users\/1"}],"replies":[{"embeddable":true,"href":"https:\/\/moroccanoliveoil.com\/fr\/wp-json\/wp\/v2\/comments?post=14"}],"version-history":[{"count":114,"href":"https:\/\/moroccanoliveoil.com\/fr\/wp-json\/wp\/v2\/pages\/14\/revisions"}],"predecessor-version":[{"id":15177,"href":"https:\/\/moroccanoliveoil.com\/fr\/wp-json\/wp\/v2\/pages\/14\/revisions\/15177"}],"wp:attachment":[{"href":"https:\/\/moroccanoliveoil.com\/fr\/wp-json\/wp\/v2\/media?parent=14"}],"curies":[{"name":"wp","href":"https:\/\/api.w.org\/{rel}","templated":true}]}}